{"id":13,"date":"2022-02-07T11:14:11","date_gmt":"2022-02-07T11:14:11","guid":{"rendered":"http:\/\/localhost\/finanix\/?page_id=13"},"modified":"2025-09-24T20:53:11","modified_gmt":"2025-09-24T20:53:11","slug":"sirketimiz-atos-forming","status":"publish","type":"page","link":"https:\/\/www.atosforming.com\/en\/sirketimiz-atos-forming\/","title":{"rendered":"Our Company"},"content":{"rendered":"<div data-elementor-type=\"wp-page\" data-elementor-id=\"13\" class=\"elementor elementor-13\">\n\t\t\t\t\t\t<section class=\"elementor-section elementor-top-section elementor-element elementor-element-851f9ad elementor-section-content-middle elementor-section-boxed elementor-section-height-default elementor-section-height-default\" data-id=\"851f9ad\" data-element_type=\"section\">\n\t\t\t\t\t\t<div class=\"elementor-container elementor-column-gap-default\">\n\t\t\t\t\t<div class=\"elementor-column elementor-col-50 elementor-top-column elementor-element elementor-element-24b8df0\" data-id=\"24b8df0\" data-element_type=\"column\">\n\t\t\t<div class=\"elementor-widget-wrap elementor-element-populated\">\n\t\t\t\t\t\t<div class=\"elementor-element elementor-element-a9d8d61 elementor-widget__width-auto elementor-absolute elementor-widget elementor-widget-react-image\" data-id=\"a9d8d61\" data-element_type=\"widget\" data-settings=\"{&quot;_position&quot;:&quot;absolute&quot;}\" data-widget_type=\"react-image.default\">\n\t\t\t\t<div class=\"elementor-widget-container\">\n\t\t\t\t\t        <div class=\"react-image no\">\n                            <img decoding=\"async\" class=\"react-multi-image  image-rotate image-scale\" src=\"http:\/\/www.atosforming.com\/wp-content\/uploads\/2025\/09\/square-1_red.png\" alt=\"image\"\/>\n                    <\/div>\n          \n    \t\t\t\t<\/div>\n\t\t\t\t<\/div>\n\t\t\t\t<div class=\"elementor-element elementor-element-bef76c6 elementor-widget elementor-widget-image\" data-id=\"bef76c6\" data-element_type=\"widget\" data-widget_type=\"image.default\">\n\t\t\t\t\t\t\t\t\t\t\t\t\t\t\t<img fetchpriority=\"high\" decoding=\"async\" width=\"623\" height=\"563\" src=\"https:\/\/www.atosforming.com\/wp-content\/uploads\/2025\/05\/Adsiz-140-x-120-piksel-550-x-460-piksel-60-x-60-piksel-410-x-270-piksel-623-x-563-piksel.png\" class=\"attachment-large size-large wp-image-5654\" alt=\"\" srcset=\"https:\/\/www.atosforming.com\/wp-content\/uploads\/2025\/05\/Adsiz-140-x-120-piksel-550-x-460-piksel-60-x-60-piksel-410-x-270-piksel-623-x-563-piksel.png 623w, https:\/\/www.atosforming.com\/wp-content\/uploads\/2025\/05\/Adsiz-140-x-120-piksel-550-x-460-piksel-60-x-60-piksel-410-x-270-piksel-623-x-563-piksel-300x271.png 300w\" sizes=\"(max-width: 623px) 100vw, 623px\" \/>\t\t\t\t\t\t\t\t\t\t\t\t\t\t\t<\/div>\n\t\t\t\t\t<\/div>\n\t\t<\/div>\n\t\t\t\t<div class=\"elementor-column elementor-col-50 elementor-top-column elementor-element elementor-element-bac64f5\" data-id=\"bac64f5\" data-element_type=\"column\">\n\t\t\t<div class=\"elementor-widget-wrap elementor-element-populated\">\n\t\t\t\t\t\t<div class=\"elementor-element elementor-element-73d1d9b elementor-widget elementor-widget-heading\" data-id=\"73d1d9b\" data-element_type=\"widget\" data-widget_type=\"heading.default\">\n\t\t\t\t\t<h2 class=\"elementor-heading-title elementor-size-default\">Our History<\/h2>\t\t\t\t<\/div>\n\t\t\t\t<div class=\"elementor-element elementor-element-c09afd5 elementor-widget elementor-widget-text-editor\" data-id=\"c09afd5\" data-element_type=\"widget\" data-widget_type=\"text-editor.default\">\n\t\t\t\t\t\t\t\t\t<p>Atos Forming was established in 2023 in the \u00c7al\u0131 Organized Industrial Zone to operate in the hot and cold forging sector. With a management team drawing on experience from various sectors and disciplines, the company aims to meet the industry\u2019s needs in metal forming in the most effective manner.<\/p><p>In 2024, Atos Forming expanded its operations to include the construction and automotive sectors, and with the new production lines it launched in 2025, the company continues to build the infrastructure required for defense industry projects.<\/p>\t\t\t\t\t\t\t\t<\/div>\n\t\t\t\t<section class=\"elementor-section elementor-inner-section elementor-element elementor-element-e644d5f elementor-section-boxed elementor-section-height-default elementor-section-height-default\" data-id=\"e644d5f\" data-element_type=\"section\">\n\t\t\t\t\t\t<div class=\"elementor-container elementor-column-gap-default\">\n\t\t\t\t\t<div class=\"elementor-column elementor-col-100 elementor-inner-column elementor-element elementor-element-4aa86d6\" data-id=\"4aa86d6\" data-element_type=\"column\">\n\t\t\t<div class=\"elementor-widget-wrap elementor-element-populated\">\n\t\t\t\t\t\t<div class=\"elementor-element elementor-element-d3a3c86 elementor-widget elementor-widget-button\" data-id=\"d3a3c86\" data-element_type=\"widget\" data-widget_type=\"button.default\">\n\t\t\t\t\t\t\t\t\t\t<a class=\"elementor-button elementor-button-link elementor-size-sm\" href=\"https:\/\/www.atosforming.com\/en\/iletisim\/\">\n\t\t\t\t\t\t<span class=\"elementor-button-content-wrapper\">\n\t\t\t\t\t\t\t\t\t<span class=\"elementor-button-text\">Contact Us<\/span>\n\t\t\t\t\t<\/span>\n\t\t\t\t\t<\/a>\n\t\t\t\t\t\t\t\t<\/div>\n\t\t\t\t\t<\/div>\n\t\t<\/div>\n\t\t\t\t\t<\/div>\n\t\t<\/section>\n\t\t\t\t\t<\/div>\n\t\t<\/div>\n\t\t\t\t\t<\/div>\n\t\t<\/section>\n\t\t\t\t<section class=\"elementor-section elementor-top-section elementor-element elementor-element-c0380db elementor-section-content-middle elementor-section-boxed elementor-section-height-default elementor-section-height-default\" data-id=\"c0380db\" data-element_type=\"section\">\n\t\t\t\t\t\t<div class=\"elementor-container elementor-column-gap-default\">\n\t\t\t\t\t<div class=\"elementor-column elementor-col-50 elementor-top-column elementor-element elementor-element-18f5f96\" data-id=\"18f5f96\" data-element_type=\"column\">\n\t\t\t<div class=\"elementor-widget-wrap elementor-element-populated\">\n\t\t\t\t\t\t<div class=\"elementor-element elementor-element-4786733 elementor-widget__width-auto elementor-absolute elementor-widget elementor-widget-react-image\" data-id=\"4786733\" data-element_type=\"widget\" data-settings=\"{&quot;_position&quot;:&quot;absolute&quot;}\" data-widget_type=\"react-image.default\">\n\t\t\t\t<div class=\"elementor-widget-container\">\n\t\t\t\t\t        <div class=\"react-image no\">\n                            <img decoding=\"async\" class=\"react-multi-image  image-rotate image-scale\" src=\"http:\/\/www.atosforming.com\/wp-content\/uploads\/2025\/09\/square-1_red.png\" alt=\"image\"\/>\n                    <\/div>\n          \n    \t\t\t\t<\/div>\n\t\t\t\t<\/div>\n\t\t\t\t<div class=\"elementor-element elementor-element-228dbc0 elementor-widget elementor-widget-heading\" data-id=\"228dbc0\" data-element_type=\"widget\" data-widget_type=\"heading.default\">\n\t\t\t\t\t<h2 class=\"elementor-heading-title elementor-size-default\">Mission and Vision<\/h2>\t\t\t\t<\/div>\n\t\t\t\t<div class=\"elementor-element elementor-element-176c391 elementor-widget elementor-widget-text-editor\" data-id=\"176c391\" data-element_type=\"widget\" data-widget_type=\"text-editor.default\">\n\t\t\t\t\t\t\t\t\t<p class=\"translation-block\"><b>Our Mission:<\/b> At Atos Forming, we help our customers optimize their production processes and gain a competitive edge by providing them with the highest-quality metal forming solutions. Through innovative technologies and our customer-focused service philosophy, we maintain our leading position in the industry.<\/p><p class=\"translation-block\"><b>Our Vision:<\/b> By 2035, Atos Forming aims to become the most preferred and trusted brand in the metal forming industry\u2014not only in Turkey but <b>globally<\/b>. Through continuous development and innovation, we strive to provide our customers with cutting-edge technologies and contribute to their success.<\/p>\t\t\t\t\t\t\t\t<\/div>\n\t\t\t\t\t<\/div>\n\t\t<\/div>\n\t\t\t\t<div class=\"elementor-column elementor-col-50 elementor-top-column elementor-element elementor-element-b8d2103\" data-id=\"b8d2103\" data-element_type=\"column\">\n\t\t\t<div class=\"elementor-widget-wrap elementor-element-populated\">\n\t\t\t\t\t\t<div class=\"elementor-element elementor-element-e5dcad7 elementor-widget elementor-widget-image\" data-id=\"e5dcad7\" data-element_type=\"widget\" data-widget_type=\"image.default\">\n\t\t\t\t\t\t\t\t\t\t\t\t\t\t\t<img decoding=\"async\" width=\"623\" height=\"563\" src=\"https:\/\/www.atosforming.com\/wp-content\/uploads\/2022\/02\/about-1.png\" class=\"attachment-large size-large wp-image-162\" alt=\"\" srcset=\"https:\/\/www.atosforming.com\/wp-content\/uploads\/2022\/02\/about-1.png 623w, https:\/\/www.atosforming.com\/wp-content\/uploads\/2022\/02\/about-1-300x271.png 300w\" sizes=\"(max-width: 623px) 100vw, 623px\" \/>\t\t\t\t\t\t\t\t\t\t\t\t\t\t\t<\/div>\n\t\t\t\t<section class=\"elementor-section elementor-inner-section elementor-element elementor-element-b7c5cf0 elementor-section-boxed elementor-section-height-default elementor-section-height-default\" data-id=\"b7c5cf0\" data-element_type=\"section\">\n\t\t\t\t\t\t<div class=\"elementor-container elementor-column-gap-default\">\n\t\t\t\t\t<div class=\"elementor-column elementor-col-100 elementor-inner-column elementor-element elementor-element-1706732\" data-id=\"1706732\" data-element_type=\"column\">\n\t\t\t<div class=\"elementor-widget-wrap\">\n\t\t\t\t\t\t\t<\/div>\n\t\t<\/div>\n\t\t\t\t\t<\/div>\n\t\t<\/section>\n\t\t\t\t\t<\/div>\n\t\t<\/div>\n\t\t\t\t\t<\/div>\n\t\t<\/section>\n\t\t\t\t<section class=\"elementor-section elementor-top-section elementor-element elementor-element-d972f58 elementor-section-stretched elementor-section-boxed elementor-section-height-default elementor-section-height-default\" data-id=\"d972f58\" data-element_type=\"section\" data-settings=\"{&quot;stretch_section&quot;:&quot;section-stretched&quot;,&quot;background_background&quot;:&quot;gradient&quot;}\">\n\t\t\t\t\t\t<div class=\"elementor-container elementor-column-gap-default\">\n\t\t\t\t\t<div class=\"elementor-column elementor-col-100 elementor-top-column elementor-element elementor-element-3ee4f18\" data-id=\"3ee4f18\" data-element_type=\"column\">\n\t\t\t<div class=\"elementor-widget-wrap elementor-element-populated\">\n\t\t\t\t\t\t<section class=\"elementor-section elementor-inner-section elementor-element elementor-element-8325781 elementor-section-boxed elementor-section-height-default elementor-section-height-default\" data-id=\"8325781\" data-element_type=\"section\">\n\t\t\t\t\t\t<div class=\"elementor-container elementor-column-gap-default\">\n\t\t\t\t\t<div class=\"elementor-column elementor-col-100 elementor-inner-column elementor-element elementor-element-cf33c58\" data-id=\"cf33c58\" data-element_type=\"column\">\n\t\t\t<div class=\"elementor-widget-wrap elementor-element-populated\">\n\t\t\t\t\t\t<div class=\"elementor-element elementor-element-be2bb20 elementor-widget elementor-widget-react-heading\" data-id=\"be2bb20\" data-element_type=\"widget\" data-widget_type=\"react-heading.default\">\n\t\t\t\t<div class=\"elementor-widget-container\">\n\t\t\t\t\t        <div class=\"react-heading default\">\r\n        \t<div class=\"title-inner\">        \t\t      \t\t\r\n\t            <h1 class=\"title\"><span class=\"watermark\"><\/span>Our 4 Core Principles That Will Help Us Achieve Our 2035 Vision:<\/h1>\t        <\/div>\r\n\t                <\/div>\r\n        \t\t\t\t<\/div>\n\t\t\t\t<\/div>\n\t\t\t\t\t<\/div>\n\t\t<\/div>\n\t\t\t\t\t<\/div>\n\t\t<\/section>\n\t\t\t\t<section class=\"elementor-section elementor-inner-section elementor-element elementor-element-bc30e67 elementor-section-boxed elementor-section-height-default elementor-section-height-default\" data-id=\"bc30e67\" data-element_type=\"section\">\n\t\t\t\t\t\t<div class=\"elementor-container elementor-column-gap-default\">\n\t\t\t\t\t<div class=\"elementor-column elementor-col-100 elementor-inner-column elementor-element elementor-element-43f90b4\" data-id=\"43f90b4\" data-element_type=\"column\">\n\t\t\t<div class=\"elementor-widget-wrap elementor-element-populated\">\n\t\t\t\t\t\t<div class=\"elementor-element elementor-element-dcaadb4 elementor-widget elementor-widget-back-timeline\" data-id=\"dcaadb4\" data-element_type=\"widget\" data-widget_type=\"back-timeline.default\">\n\t\t\t\t<div class=\"elementor-widget-container\">\n\t\t\t\t\t\n            <div class=\"back-timeline our-journey-area\"> \n            <div class=\"reacttimeline\">\n                <ul>\n                    <li class=\"default-line\"><\/li>\n                    <li class=\"draw-line\"><\/li>                                                                             \n                <\/ul>\n            <\/div>   \n            <ul class=\"journey-list\">                                    \n                                    <li class=\"items\">\n                        <div class=\"row timeline-box mb-10\">\n                            <div class=\"col-lg-6\">\n                                <div class=\"left-content mb-30\">\n                                    <h2>1<\/h2>\n                                    <h4>Customer-Oriented Solutions<\/h4>\n                                    <p>Combining the agility of a startup with an enterprise-level approach, we address customer needs in a timely and effective manner.<\/p>\n                                <\/div>\n                            <\/div>\n                            <div class=\"col-lg-6\">\n                                <div class=\"right-content mb-30\">\n                                    <img decoding=\"async\" src=\"https:\/\/www.atosforming.com\/wp-content\/uploads\/2022\/03\/j-1.jpg\" alt=\"image\">\n                                <\/div>\n                            <\/div>\n                        <\/div>\n                    <\/li>           \n                                    <li class=\"items\">\n                        <div class=\"row timeline-box mb-10\">\n                            <div class=\"col-lg-6\">\n                                <div class=\"left-content mb-30\">\n                                    <h2>2<\/h2>\n                                    <h4>Our Team\u2019s Quality<\/h4>\n                                    <p>Our founding team is dedicating all its efforts to leveraging its international experience across four distinct engineering fields to transform ATOS Forming into a global brand.<\/p>\n                                <\/div>\n                            <\/div>\n                            <div class=\"col-lg-6\">\n                                <div class=\"right-content mb-30\">\n                                    <img decoding=\"async\" src=\"https:\/\/www.atosforming.com\/wp-content\/uploads\/2022\/03\/j-2.jpg\" alt=\"image\">\n                                <\/div>\n                            <\/div>\n                        <\/div>\n                    <\/li>           \n                                    <li class=\"items\">\n                        <div class=\"row timeline-box mb-10\">\n                            <div class=\"col-lg-6\">\n                                <div class=\"left-content mb-30\">\n                                    <h2>3<\/h2>\n                                    <h4>Custom Machine Designs<\/h4>\n                                    <p>With more environmentally friendly and cost-effective machine designs, we\u2019re not only gaining a competitive edge but also working to make our world a better place.<\/p>\n                                <\/div>\n                            <\/div>\n                            <div class=\"col-lg-6\">\n                                <div class=\"right-content mb-30\">\n                                    <img decoding=\"async\" src=\"https:\/\/www.atosforming.com\/wp-content\/uploads\/2022\/03\/j-3.jpg\" alt=\"image\">\n                                <\/div>\n                            <\/div>\n                        <\/div>\n                    <\/li>           \n                                    <li class=\"items\">\n                        <div class=\"row timeline-box mb-10\">\n                            <div class=\"col-lg-6\">\n                                <div class=\"left-content mb-30\">\n                                    <h2>4<\/h2>\n                                    <h4>Common Goals<\/h4>\n                                    <p>Together with our employees, suppliers, and customers, we remain fully committed to our shared goal: value-added production in our country.<\/p>\n                                <\/div>\n                            <\/div>\n                            <div class=\"col-lg-6\">\n                                <div class=\"right-content mb-30\">\n                                    <img decoding=\"async\" src=\"https:\/\/www.atosforming.com\/wp-content\/uploads\/2022\/03\/j-4.jpg\" alt=\"image\">\n                                <\/div>\n                            <\/div>\n                        <\/div>\n                    <\/li>           \n                                <\/ul> \n            <\/div>\n        \t\t\t\t<\/div>\n\t\t\t\t<\/div>\n\t\t\t\t\t<\/div>\n\t\t<\/div>\n\t\t\t\t\t<\/div>\n\t\t<\/section>\n\t\t\t\t\t<\/div>\n\t\t<\/div>\n\t\t\t\t\t<\/div>\n\t\t<\/section>\n\t\t\t\t<section class=\"elementor-section elementor-top-section elementor-element elementor-element-7fc68d2 elementor-section-content-middle elementor-section-boxed elementor-section-height-default elementor-section-height-default\" data-id=\"7fc68d2\" data-element_type=\"section\">\n\t\t\t\t\t\t<div class=\"elementor-container elementor-column-gap-default\">\n\t\t\t\t\t<div class=\"elementor-column elementor-col-50 elementor-top-column elementor-element elementor-element-46cab3a\" data-id=\"46cab3a\" data-element_type=\"column\">\n\t\t\t<div class=\"elementor-widget-wrap elementor-element-populated\">\n\t\t\t\t\t\t<div class=\"elementor-element elementor-element-709c629 elementor-widget__width-auto elementor-absolute elementor-widget elementor-widget-react-image\" data-id=\"709c629\" data-element_type=\"widget\" data-settings=\"{&quot;_position&quot;:&quot;absolute&quot;}\" data-widget_type=\"react-image.default\">\n\t\t\t\t<div class=\"elementor-widget-container\">\n\t\t\t\t\t        <div class=\"react-image no\">\n                            <img decoding=\"async\" class=\"react-multi-image  image-rotate image-scale\" src=\"http:\/\/www.atosforming.com\/wp-content\/uploads\/2025\/09\/square-1_red.png\" alt=\"image\"\/>\n                    <\/div>\n          \n    \t\t\t\t<\/div>\n\t\t\t\t<\/div>\n\t\t\t\t<div class=\"elementor-element elementor-element-cc0891f elementor-widget elementor-widget-image\" data-id=\"cc0891f\" data-element_type=\"widget\" data-widget_type=\"image.default\">\n\t\t\t\t\t\t\t\t\t\t\t\t\t\t\t<img decoding=\"async\" width=\"623\" height=\"563\" src=\"https:\/\/www.atosforming.com\/wp-content\/uploads\/2025\/05\/Adsiz-140-x-120-piksel-550-x-460-piksel-60-x-60-piksel-410-x-270-piksel-623-x-563-piksel-1.png\" class=\"attachment-large size-large wp-image-5668\" alt=\"\" srcset=\"https:\/\/www.atosforming.com\/wp-content\/uploads\/2025\/05\/Adsiz-140-x-120-piksel-550-x-460-piksel-60-x-60-piksel-410-x-270-piksel-623-x-563-piksel-1.png 623w, https:\/\/www.atosforming.com\/wp-content\/uploads\/2025\/05\/Adsiz-140-x-120-piksel-550-x-460-piksel-60-x-60-piksel-410-x-270-piksel-623-x-563-piksel-1-300x271.png 300w\" sizes=\"(max-width: 623px) 100vw, 623px\" \/>\t\t\t\t\t\t\t\t\t\t\t\t\t\t\t<\/div>\n\t\t\t\t\t<\/div>\n\t\t<\/div>\n\t\t\t\t<div class=\"elementor-column elementor-col-50 elementor-top-column elementor-element elementor-element-496be3e\" data-id=\"496be3e\" data-element_type=\"column\">\n\t\t\t<div class=\"elementor-widget-wrap elementor-element-populated\">\n\t\t\t\t\t\t<div class=\"elementor-element elementor-element-f4aff6e elementor-widget elementor-widget-heading\" data-id=\"f4aff6e\" data-element_type=\"widget\" data-widget_type=\"heading.default\">\n\t\t\t\t\t<h2 class=\"elementor-heading-title elementor-size-default\">News and Announcements<\/h2>\t\t\t\t<\/div>\n\t\t\t\t<div class=\"elementor-element elementor-element-807e087 elementor-widget elementor-widget-text-editor\" data-id=\"807e087\" data-element_type=\"widget\" data-widget_type=\"text-editor.default\">\n\t\t\t\t\t\t\t\t\t<p>Atos Forming in the May-June 2024 issue of Santiye Magazine (only turkish):\u00a0<\/p>\t\t\t\t\t\t\t\t<\/div>\n\t\t\t\t<section class=\"elementor-section elementor-inner-section elementor-element elementor-element-60f0b42 elementor-section-boxed elementor-section-height-default elementor-section-height-default\" data-id=\"60f0b42\" data-element_type=\"section\">\n\t\t\t\t\t\t<div class=\"elementor-container elementor-column-gap-default\">\n\t\t\t\t\t<div class=\"elementor-column elementor-col-100 elementor-inner-column elementor-element elementor-element-8392aac\" data-id=\"8392aac\" data-element_type=\"column\">\n\t\t\t<div class=\"elementor-widget-wrap elementor-element-populated\">\n\t\t\t\t\t\t<div class=\"elementor-element elementor-element-1cf133f elementor-widget elementor-widget-button\" data-id=\"1cf133f\" data-element_type=\"widget\" data-widget_type=\"button.default\">\n\t\t\t\t\t\t\t\t\t\t<a class=\"elementor-button elementor-button-link elementor-size-sm\" href=\"https:\/\/edergi.santiye.com.tr\/405\/#p=36\" target=\"_blank\" rel=\"noopener\">\n\t\t\t\t\t\t<span class=\"elementor-button-content-wrapper\">\n\t\t\t\t\t\t\t\t\t<span class=\"elementor-button-text\">View the Magazine<\/span>\n\t\t\t\t\t<\/span>\n\t\t\t\t\t<\/a>\n\t\t\t\t\t\t\t\t<\/div>\n\t\t\t\t\t<\/div>\n\t\t<\/div>\n\t\t\t\t\t<\/div>\n\t\t<\/section>\n\t\t\t\t\t<\/div>\n\t\t<\/div>\n\t\t\t\t\t<\/div>\n\t\t<\/section>\n\t\t\t\t<section class=\"elementor-section elementor-top-section elementor-element elementor-element-758b852 elementor-section-stretched elementor-section-boxed elementor-section-height-default elementor-section-height-default\" data-id=\"758b852\" data-element_type=\"section\" data-settings=\"{&quot;stretch_section&quot;:&quot;section-stretched&quot;,&quot;background_background&quot;:&quot;classic&quot;}\">\n\t\t\t\t\t\t<div class=\"elementor-container elementor-column-gap-default\">\n\t\t\t\t\t<div class=\"elementor-column elementor-col-100 elementor-top-column elementor-element elementor-element-ccac049\" data-id=\"ccac049\" data-element_type=\"column\">\n\t\t\t<div class=\"elementor-widget-wrap elementor-element-populated\">\n\t\t\t\t\t\t<section class=\"elementor-section elementor-inner-section elementor-element elementor-element-df60bac elementor-section-boxed elementor-section-height-default elementor-section-height-default\" data-id=\"df60bac\" data-element_type=\"section\">\n\t\t\t\t\t\t<div class=\"elementor-container elementor-column-gap-default\">\n\t\t\t\t\t<div class=\"elementor-column elementor-col-100 elementor-inner-column elementor-element elementor-element-a092f36\" data-id=\"a092f36\" data-element_type=\"column\">\n\t\t\t<div class=\"elementor-widget-wrap elementor-element-populated\">\n\t\t\t\t\t\t<div class=\"elementor-element elementor-element-8ce895e elementor-widget elementor-widget-react-heading\" data-id=\"8ce895e\" data-element_type=\"widget\" data-widget_type=\"react-heading.default\">\n\t\t\t\t<div class=\"elementor-widget-container\">\n\t\t\t\t\t        <div class=\"react-heading style13\">\r\n        \t<div class=\"title-inner\">        \t\t      \t\t\r\n\t            <img decoding=\"async\" class=\"line-1-img\" src=\"https:\/\/reactheme.com\/products\/wordpress\/finanix\/wp-content\/uploads\/2022\/03\/title-white1.png\" alt=\"title-image\" \/><span class=\"sub-text\">Contact Us<\/span><img decoding=\"async\" class=\"line-2-img\" src=\"https:\/\/reactheme.com\/products\/wordpress\/finanix\/wp-content\/uploads\/2022\/03\/title-white2.png\" alt=\"title-image\" \/><h2 class=\"title\"><span class=\"watermark\"><\/span>Contact Us<\/h2>\t        <\/div>\r\n\t                <\/div>\r\n        \t\t\t\t<\/div>\n\t\t\t\t<\/div>\n\t\t\t\t\t<\/div>\n\t\t<\/div>\n\t\t\t\t\t<\/div>\n\t\t<\/section>\n\t\t\t\t<section class=\"elementor-section elementor-inner-section elementor-element elementor-element-52b0a2f elementor-section-boxed elementor-section-height-default elementor-section-height-default\" data-id=\"52b0a2f\" data-element_type=\"section\">\n\t\t\t\t\t\t<div class=\"elementor-container elementor-column-gap-default\">\n\t\t\t\t\t<div class=\"elementor-column elementor-col-100 elementor-inner-column elementor-element elementor-element-7b19354\" data-id=\"7b19354\" data-element_type=\"column\">\n\t\t\t<div class=\"elementor-widget-wrap elementor-element-populated\">\n\t\t\t\t\t\t<div class=\"elementor-element elementor-element-47d2d06 elementor-mobile-align-center elementor-align-center elementor-widget elementor-widget-button\" data-id=\"47d2d06\" data-element_type=\"widget\" data-widget_type=\"button.default\">\n\t\t\t\t\t\t\t\t\t\t<a class=\"elementor-button elementor-button-link elementor-size-sm\" href=\"https:\/\/www.atosforming.com\/en\/iletisim\/\">\n\t\t\t\t\t\t<span class=\"elementor-button-content-wrapper\">\n\t\t\t\t\t\t\t\t\t<span class=\"elementor-button-text\">Contact Us<\/span>\n\t\t\t\t\t<\/span>\n\t\t\t\t\t<\/a>\n\t\t\t\t\t\t\t\t<\/div>\n\t\t\t\t\t<\/div>\n\t\t<\/div>\n\t\t\t\t\t<\/div>\n\t\t<\/section>\n\t\t\t\t\t<\/div>\n\t\t<\/div>\n\t\t\t\t\t<\/div>\n\t\t<\/section>\n\t\t\t\t<\/div>","protected":false},"excerpt":{"rendered":"<p>Tarih\u00e7emiz Atos Forming 2023 yilinda S\u0131cak ve so\u011fuk d\u00f6vme sekt\u00f6r\u00fcnde faaliyet g\u00f6stermek \u00fczere \u00c7al\u0131 Organize Sanayi\u2019nde kurulmu\u015ftur. Farkl\u0131 sekt\u00f6r ve disiplin tecr\u00fcbelerinden gelen y\u00f6netimi ile metal \u015fekillendirmede sekt\u00f6r\u00fcn ihtiya\u00e7lar\u0131n\u0131 en efektif \u015fekilde kar\u015f\u0131lamay\u0131 hedeflemektedir. 2024 yilinda faaliyet alanlarina Insaat ve Otomotivi ekleyen Atos Forming, 2025 yilinda devreye aldigi yeni uretim hatlariyla savunma sanayi projeleri icin&#8230;<\/p>","protected":false},"author":1,"featured_media":0,"parent":0,"menu_order":0,"comment_status":"closed","ping_status":"closed","template":"","meta":{"footnotes":""},"class_list":["post-13","page","type-page","status-publish","hentry"],"_links":{"self":[{"href":"https:\/\/www.atosforming.com\/en\/wp-json\/wp\/v2\/pages\/13","targetHints":{"allow":["GET"]}}],"collection":[{"href":"https:\/\/www.atosforming.com\/en\/wp-json\/wp\/v2\/pages"}],"about":[{"href":"https:\/\/www.atosforming.com\/en\/wp-json\/wp\/v2\/types\/page"}],"author":[{"embeddable":true,"href":"https:\/\/www.atosforming.com\/en\/wp-json\/wp\/v2\/users\/1"}],"replies":[{"embeddable":true,"href":"https:\/\/www.atosforming.com\/en\/wp-json\/wp\/v2\/comments?post=13"}],"version-history":[{"count":30,"href":"https:\/\/www.atosforming.com\/en\/wp-json\/wp\/v2\/pages\/13\/revisions"}],"predecessor-version":[{"id":6010,"href":"https:\/\/www.atosforming.com\/en\/wp-json\/wp\/v2\/pages\/13\/revisions\/6010"}],"wp:attachment":[{"href":"https:\/\/www.atosforming.com\/en\/wp-json\/wp\/v2\/media?parent=13"}],"curies":[{"name":"wp","href":"https:\/\/api.w.org\/{rel}","templated":true}]}}