{"id":19,"date":"2022-02-07T11:14:51","date_gmt":"2022-02-07T11:14:51","guid":{"rendered":"http:\/\/localhost\/finanix\/?page_id=19"},"modified":"2025-09-24T20:50:24","modified_gmt":"2025-09-24T20:50:24","slug":"iletisim","status":"publish","type":"page","link":"https:\/\/www.atosforming.com\/en\/iletisim\/","title":{"rendered":"Contact Us"},"content":{"rendered":"<div data-elementor-type=\"wp-page\" data-elementor-id=\"19\" class=\"elementor elementor-19\">\n\t\t\t\t\t\t<section class=\"elementor-section elementor-top-section elementor-element elementor-element-0984f36 elementor-section-content-middle elementor-section-boxed elementor-section-height-default elementor-section-height-default\" data-id=\"0984f36\" data-element_type=\"section\">\n\t\t\t\t\t\t<div class=\"elementor-container elementor-column-gap-default\">\n\t\t\t\t\t<div class=\"elementor-column elementor-col-100 elementor-top-column elementor-element elementor-element-55ef40b\" data-id=\"55ef40b\" data-element_type=\"column\">\n\t\t\t<div class=\"elementor-widget-wrap elementor-element-populated\">\n\t\t\t\t\t\t<div class=\"elementor-element elementor-element-ffbc817 elementor-widget elementor-widget-react-heading\" data-id=\"ffbc817\" data-element_type=\"widget\" data-widget_type=\"react-heading.default\">\n\t\t\t\t<div class=\"elementor-widget-container\">\n\t\t\t\t\t        <div class=\"react-heading default\">\r\n        \t<div class=\"title-inner\">        \t\t      \t\t\r\n\t            <span class=\"sub-text\">ATOS Forming - Your Partner in Hot Forging Presses<\/span><h2 class=\"title\"><span class=\"watermark\"><\/span>Our Contact Information<\/h2>\t        <\/div>\r\n\t                <\/div>\r\n        \t\t\t\t<\/div>\n\t\t\t\t<\/div>\n\t\t\t\t<section class=\"elementor-section elementor-inner-section elementor-element elementor-element-98efb21 elementor-section-boxed elementor-section-height-default elementor-section-height-default\" data-id=\"98efb21\" data-element_type=\"section\">\n\t\t\t\t\t\t<div class=\"elementor-container elementor-column-gap-extended\">\n\t\t\t\t\t<div class=\"elementor-column elementor-col-33 elementor-inner-column elementor-element elementor-element-b13430f\" data-id=\"b13430f\" data-element_type=\"column\">\n\t\t\t<div class=\"elementor-widget-wrap elementor-element-populated\">\n\t\t\t\t\t\t<div class=\"elementor-element elementor-element-e46e277 elementor-widget elementor-widget-rt-service-grid\" data-id=\"e46e277\" data-element_type=\"widget\" data-widget_type=\"rt-service-grid.default\">\n\t\t\t\t<div class=\"elementor-widget-container\">\n\t\t\t\t\t<div class=\"react-addon-services services-style1\">\r\n    <div class=\"services-part\">\r\n    \t\t\t    \t\t       \r\n\t    <div class=\"services-text style5\">\r\n\t    \t\t\t    \t<div class=\"services-title\">\t\r\n\t\t    \t\t\t\t    \t\t\t\t    \t\t\t<h2 class=\"title\"> Address<\/h2>\r\n\t\t    \t\t\t\t\t\t    \t\t\r\n\t\t    \t<\/div>\r\n\t    \t\t\r\n\r\n\t    \t\t    \t\t<p class=\"services-txt\">  ATOS Forming Makina Sanayi ve Ticaret A.\u015e.\n \u00c7al\u0131 Mah. 23.Sokak No:1 Nil\u00fcfer \/ BURSA\n<\/p>\t\r\n\t    \t\t\r\n\r\n\t    \t\r\n\t\t    \t<div class=\"services-btn-part\">\r\n\t\t    \t\t\t\t    \t\t\r\n\t    \t\t\t<a class=\"services-btn icon-after\" href=\"https:\/\/www.atosforming.com\/en\/sirketimiz\/\" >\r\n\r\n\t    \t\t\t\t<span class=\"btn_text\">\r\n\t    \t\t\t\t\tAbout Us    \t\t\t\t\t\t\r\n\t    \t\t\t\t<\/span>\r\n\t    \t\t\t\t\r\n\t    \t\t\t\t<i class=\"fal fa-long-arrow-right\"><\/i>\r\n\t    \t\t  \r\n\t    \t\t\t<\/a>\t    \t\t    \t\t\r\n\t\t    \t\t\r\n\t\t    \t<\/div>\r\n\t    \t\r\n\t    <\/div>\r\n\t<\/div>\r\n<\/div>\t\t\t\t<\/div>\n\t\t\t\t<\/div>\n\t\t\t\t\t<\/div>\n\t\t<\/div>\n\t\t\t\t<div class=\"elementor-column elementor-col-33 elementor-inner-column elementor-element elementor-element-9f17975\" data-id=\"9f17975\" data-element_type=\"column\">\n\t\t\t<div class=\"elementor-widget-wrap elementor-element-populated\">\n\t\t\t\t\t\t<div class=\"elementor-element elementor-element-7e09b7a elementor-widget elementor-widget-rt-service-grid\" data-id=\"7e09b7a\" data-element_type=\"widget\" data-widget_type=\"rt-service-grid.default\">\n\t\t\t\t<div class=\"elementor-widget-container\">\n\t\t\t\t\t<div class=\"react-addon-services services-style1\">\r\n    <div class=\"services-part\">\r\n    \t\t\t    \t\t       \r\n\t    <div class=\"services-text style5\">\r\n\t    \t\t\t    \t<div class=\"services-title\">\t\r\n\t\t    \t\t\t\t    \t\t\t\t    \t\t\t<h2 class=\"title\"> Phone<\/h2>\r\n\t\t    \t\t\t\t\t\t    \t\t\r\n\t\t    \t<\/div>\r\n\t    \t\t\r\n\r\n\t    \t\t    \t\t<p class=\"services-txt\">  +90 224 334 10 05<br>+90 545 739 73 77<br><br><\/p>\t\r\n\t    \t\t\r\n\r\n\t    \t\r\n\t\t    \t<div class=\"services-btn-part\">\r\n\t\t    \t\t\t\t    \t\t\r\n\t    \t\t\t<a class=\"services-btn icon-after\" href=\"https:\/\/www.atosforming.com\/en\/sirketimiz\/\" >\r\n\r\n\t    \t\t\t\t<span class=\"btn_text\">\r\n\t    \t\t\t\t\tAbout Us    \t\t\t\t\t\t\r\n\t    \t\t\t\t<\/span>\r\n\t    \t\t\t\t\r\n\t    \t\t\t\t<i class=\"fal fa-long-arrow-right\"><\/i>\r\n\t    \t\t  \r\n\t    \t\t\t<\/a>\t    \t\t    \t\t\r\n\t\t    \t\t\r\n\t\t    \t<\/div>\r\n\t    \t\r\n\t    <\/div>\r\n\t<\/div>\r\n<\/div>\t\t\t\t<\/div>\n\t\t\t\t<\/div>\n\t\t\t\t\t<\/div>\n\t\t<\/div>\n\t\t\t\t<div class=\"elementor-column elementor-col-33 elementor-inner-column elementor-element elementor-element-dc9cd5e\" data-id=\"dc9cd5e\" data-element_type=\"column\">\n\t\t\t<div class=\"elementor-widget-wrap elementor-element-populated\">\n\t\t\t\t\t\t<div class=\"elementor-element elementor-element-ca24bab elementor-widget elementor-widget-rt-service-grid\" data-id=\"ca24bab\" data-element_type=\"widget\" data-widget_type=\"rt-service-grid.default\">\n\t\t\t\t<div class=\"elementor-widget-container\">\n\t\t\t\t\t<div class=\"react-addon-services services-style1\">\r\n    <div class=\"services-part\">\r\n    \t\t\t    \t\t       \r\n\t    <div class=\"services-text style5\">\r\n\t    \t\t\t    \t<div class=\"services-title\">\t\r\n\t\t    \t\t\t\t    \t\t\t\t    \t\t\t<h2 class=\"title\"> E-mail<\/h2>\r\n\t\t    \t\t\t\t\t\t    \t\t\r\n\t\t    \t<\/div>\r\n\t    \t\t\r\n\r\n\t    \t\t    \t\t<p class=\"services-txt\">  You can contact us via our email address: \n<br \/>\ninfo@atosforming.com<\/p>\t\r\n\t    \t\t\r\n\r\n\t    \t\r\n\t\t    \t<div class=\"services-btn-part\">\r\n\t\t    \t\t\t\t    \t\t\r\n\t    \t\t\t<a class=\"services-btn icon-after\" href=\"https:\/\/www.atosforming.com\/en\/sirketimiz\/\" >\r\n\r\n\t    \t\t\t\t<span class=\"btn_text\">\r\n\t    \t\t\t\t\tAbout Us    \t\t\t\t\t\t\r\n\t    \t\t\t\t<\/span>\r\n\t    \t\t\t\t\r\n\t    \t\t\t\t<i class=\"fal fa-long-arrow-right\"><\/i>\r\n\t    \t\t  \r\n\t    \t\t\t<\/a>\t    \t\t    \t\t\r\n\t\t    \t\t\r\n\t\t    \t<\/div>\r\n\t    \t\r\n\t    <\/div>\r\n\t<\/div>\r\n<\/div>\t\t\t\t<\/div>\n\t\t\t\t<\/div>\n\t\t\t\t\t<\/div>\n\t\t<\/div>\n\t\t\t\t\t<\/div>\n\t\t<\/section>\n\t\t\t\t\t<\/div>\n\t\t<\/div>\n\t\t\t\t\t<\/div>\n\t\t<\/section>\n\t\t\t\t<section class=\"elementor-section elementor-top-section elementor-element elementor-element-a8dc22f elementor-section-full_width elementor-section-stretched elementor-section-height-default elementor-section-height-default\" data-id=\"a8dc22f\" data-element_type=\"section\" data-settings=\"{&quot;stretch_section&quot;:&quot;section-stretched&quot;}\">\n\t\t\t\t\t\t<div class=\"elementor-container elementor-column-gap-default\">\n\t\t\t\t\t<div class=\"elementor-column elementor-col-100 elementor-top-column elementor-element elementor-element-9318637\" data-id=\"9318637\" data-element_type=\"column\">\n\t\t\t<div class=\"elementor-widget-wrap elementor-element-populated\">\n\t\t\t\t\t\t<div class=\"elementor-element elementor-element-3688909 elementor-widget elementor-widget-google_maps\" data-id=\"3688909\" data-element_type=\"widget\" data-widget_type=\"google_maps.default\">\n\t\t\t\t\t\t\t<div class=\"elementor-custom-embed\">\n\t\t\t<iframe loading=\"lazy\"\n\t\t\t\t\tsrc=\"https:\/\/maps.google.com\/maps?q=ATOS%20Forming%20Makina%20Sanayi%20ve%20Ticaret%20A.%C5%9E.%20%20%C3%87al%C4%B1%20mah.%2023.Sokak%20No%3A1%20Nil%C3%BCfer%20%2F%20BURSA&#038;t=m&#038;z=14&#038;output=embed&#038;iwloc=near\"\n\t\t\t\t\ttitle=\"ATOS Forming Makina Sanayi ve Ticaret A.\u015e.  \u00c7al\u0131 mah. 23.Sokak No:1 Nil\u00fcfer \/ BURSA\"\n\t\t\t\t\taria-label=\"ATOS Forming Makina Sanayi ve Ticaret A.\u015e.  \u00c7al\u0131 mah. 23.Sokak No:1 Nil\u00fcfer \/ BURSA\"\n\t\t\t><\/iframe>\n\t\t<\/div>\n\t\t\t\t\t\t<\/div>\n\t\t\t\t\t<\/div>\n\t\t<\/div>\n\t\t\t\t\t<\/div>\n\t\t<\/section>\n\t\t<div class=\"elementor-element elementor-element-a652cc0 e-flex e-con-boxed e-con e-parent\" data-id=\"a652cc0\" data-element_type=\"container\">\n\t\t\t\t\t<div class=\"e-con-inner\">\n\t\t\t\t\t<\/div>\n\t\t\t\t<\/div>\n\t\t<div class=\"elementor-element elementor-element-fc242d0 e-flex e-con-boxed e-con e-parent\" data-id=\"fc242d0\" data-element_type=\"container\">\n\t\t\t\t\t<div class=\"e-con-inner\">\n\t\t\t\t<div class=\"elementor-element elementor-element-d5dc411 elementor-widget elementor-widget-image\" data-id=\"d5dc411\" data-element_type=\"widget\" data-widget_type=\"image.default\">\n\t\t\t\t\t\t\t\t\t\t\t\t\t\t\t<img fetchpriority=\"high\" decoding=\"async\" width=\"640\" height=\"404\" src=\"https:\/\/www.atosforming.com\/wp-content\/uploads\/2025\/09\/ATOS-Fabrika-1024x646.png\" class=\"attachment-large size-large wp-image-5879\" alt=\"S\u0131cak D\u00f6vme Pres\" srcset=\"https:\/\/www.atosforming.com\/wp-content\/uploads\/2025\/09\/ATOS-Fabrika-1024x646.png 1024w, https:\/\/www.atosforming.com\/wp-content\/uploads\/2025\/09\/ATOS-Fabrika-300x189.png 300w, https:\/\/www.atosforming.com\/wp-content\/uploads\/2025\/09\/ATOS-Fabrika-768x484.png 768w, https:\/\/www.atosforming.com\/wp-content\/uploads\/2025\/09\/ATOS-Fabrika-1536x969.png 1536w, https:\/\/www.atosforming.com\/wp-content\/uploads\/2025\/09\/ATOS-Fabrika-2048x1292.png 2048w\" sizes=\"(max-width: 640px) 100vw, 640px\" \/>\t\t\t\t\t\t\t\t\t\t\t\t\t\t\t<\/div>\n\t\t\t\t\t<\/div>\n\t\t\t\t<\/div>\n\t\t\t\t<\/div>","protected":false},"excerpt":{"rendered":"<p>ATOS Forming &#8211; S\u0131cak D\u00f6vme Pres Partneriniz \u0130leti\u015fim Bilgilerimiz Adres ATOS Forming Makina Sanayi ve Ticaret A.\u015e. \u00c7al\u0131 Mah. 23.Sokak No:1 Nil\u00fcfer \/ BURSA Hakk\u0131m\u0131zda Telefon +90 224 334 10 05+90 545 739 73 77 Hakk\u0131m\u0131zda Mail Eposta Adresimiz \u00dczerinden Bize Ula\u015fabilirsiniz: info@atosforming.com Hakk\u0131m\u0131zda<\/p>","protected":false},"author":1,"featured_media":0,"parent":0,"menu_order":0,"comment_status":"closed","ping_status":"closed","template":"","meta":{"footnotes":""},"class_list":["post-19","page","type-page","status-publish","hentry"],"_links":{"self":[{"href":"https:\/\/www.atosforming.com\/en\/wp-json\/wp\/v2\/pages\/19","targetHints":{"allow":["GET"]}}],"collection":[{"href":"https:\/\/www.atosforming.com\/en\/wp-json\/wp\/v2\/pages"}],"about":[{"href":"https:\/\/www.atosforming.com\/en\/wp-json\/wp\/v2\/types\/page"}],"author":[{"embeddable":true,"href":"https:\/\/www.atosforming.com\/en\/wp-json\/wp\/v2\/users\/1"}],"replies":[{"embeddable":true,"href":"https:\/\/www.atosforming.com\/en\/wp-json\/wp\/v2\/comments?post=19"}],"version-history":[{"count":33,"href":"https:\/\/www.atosforming.com\/en\/wp-json\/wp\/v2\/pages\/19\/revisions"}],"predecessor-version":[{"id":6006,"href":"https:\/\/www.atosforming.com\/en\/wp-json\/wp\/v2\/pages\/19\/revisions\/6006"}],"wp:attachment":[{"href":"https:\/\/www.atosforming.com\/en\/wp-json\/wp\/v2\/media?parent=19"}],"curies":[{"name":"wp","href":"https:\/\/api.w.org\/{rel}","templated":true}]}}