{"id":5309,"date":"2025-05-14T13:03:58","date_gmt":"2025-05-14T13:03:58","guid":{"rendered":"https:\/\/www.atosforming.com\/?page_id=5309"},"modified":"2025-09-24T20:51:47","modified_gmt":"2025-09-24T20:51:47","slug":"sektorler-otomotiv","status":"publish","type":"page","link":"https:\/\/www.atosforming.com\/en\/sektorler-otomotiv\/","title":{"rendered":"Sectors"},"content":{"rendered":"<div data-elementor-type=\"wp-page\" data-elementor-id=\"5309\" class=\"elementor elementor-5309\">\n\t\t\t\t\t\t<section class=\"elementor-section elementor-top-section elementor-element elementor-element-1e0f847 elementor-section-boxed elementor-section-height-default elementor-section-height-default\" data-id=\"1e0f847\" data-element_type=\"section\">\n\t\t\t\t\t\t<div class=\"elementor-container elementor-column-gap-default\">\n\t\t\t\t\t<div class=\"elementor-column elementor-col-100 elementor-top-column elementor-element elementor-element-cf88d23\" data-id=\"cf88d23\" data-element_type=\"column\">\n\t\t\t<div class=\"elementor-widget-wrap elementor-element-populated\">\n\t\t\t\t\t\t<section class=\"elementor-section elementor-inner-section elementor-element elementor-element-8da62dc elementor-section-boxed elementor-section-height-default elementor-section-height-default\" data-id=\"8da62dc\" data-element_type=\"section\">\n\t\t\t\t\t\t<div class=\"elementor-container elementor-column-gap-default\">\n\t\t\t\t\t<div class=\"elementor-column elementor-col-33 elementor-inner-column elementor-element elementor-element-f14b5fb\" data-id=\"f14b5fb\" data-element_type=\"column\">\n\t\t\t<div class=\"elementor-widget-wrap elementor-element-populated\">\n\t\t\t\t\t\t<div class=\"elementor-element elementor-element-e0836ed elementor-widget elementor-widget-rt-service-grid\" data-id=\"e0836ed\" data-element_type=\"widget\" data-widget_type=\"rt-service-grid.default\">\n\t\t\t\t<div class=\"elementor-widget-container\">\n\t\t\t\t\t<div class=\"react-addon-services services-style2\">\r\n    <div class=\"services-part\">\r\n    \t\t\t    \t\t       \r\n\t    <div class=\"services-text style5\">\r\n\t    \t\t    \t\t<div class=\"services-icon\">\r\n\t\t    \t\t\t\t    \t\t\t\t    \t\t\t<img decoding=\"async\" src=\"http:\/\/www.atosforming.com\/wp-content\/uploads\/2025\/05\/Adsiz-140-x-120-piksel-550-x-460-piksel-60-x-60-piksel-410-x-270-piksel-1.png\" alt=\"image\"\/>\r\n\t\t    \t\t\t    \t\t<\/div>\t\r\n\t    \t\t    \t\t\t    \t<div class=\"services-title\">\t\t    \t\t\r\n\t\t    \t\t\r\n\t\t    \t\t\t\t    \t\t\t<h2 class=\"title\">\t Automotive<\/h2>\r\n\t\t    \t\t\t\t\t\t    \t\t\r\n\t\t    \t<\/div>\r\n\t    \t\t\r\n\r\n\t    \t\t    \t\t<p class=\"services-txt\">  We provide services to many of our partners in the automotive industry, with a particular focus on the tie rod sector. In the projects we carry out in collaboration with our partners, we manage our production processes in accordance with their specific requirements regarding confidentiality and quality.<br><br><\/p>\t\r\n\t    \t\t\r\n\r\n\t    \t\r\n\r\n\t    <\/div>\r\n    \t\r\n\t    \t<div class=\"services-btn-part\">\r\n\t    \t\t\t    \t\t\r\n    \t\t\t<a class=\"services-btn icon-after\" href=\"https:\/\/www.atosforming.com\/en\/iletisim\/\">\r\n\r\n    \t\t\t\t<span class=\"btn_text\">\r\n    \t\t\t\t\tContact Us    \t\t\t\t\t\t\r\n    \t\t\t\t<\/span>\r\n    \t\t\t\t<i class=\"fal fa-long-arrow-right\"><\/i>\r\n\r\n    \t\t\t<\/a>\t    \t\t    \t\t\r\n\t    \t\t\r\n\t    \t<\/div>\r\n    \t\t<\/div>\r\n<\/div>\t\t\t\t<\/div>\n\t\t\t\t<\/div>\n\t\t\t\t\t<\/div>\n\t\t<\/div>\n\t\t\t\t<div class=\"elementor-column elementor-col-33 elementor-inner-column elementor-element elementor-element-bc07c4e\" data-id=\"bc07c4e\" data-element_type=\"column\">\n\t\t\t<div class=\"elementor-widget-wrap elementor-element-populated\">\n\t\t\t\t\t\t<div class=\"elementor-element elementor-element-a5183e4 elementor-widget elementor-widget-rt-service-grid\" data-id=\"a5183e4\" data-element_type=\"widget\" data-widget_type=\"rt-service-grid.default\">\n\t\t\t\t<div class=\"elementor-widget-container\">\n\t\t\t\t\t<div class=\"react-addon-services services-style2\">\r\n    <div class=\"services-part\">\r\n    \t\t\t    \t\t       \r\n\t    <div class=\"services-text style5\">\r\n\t    \t\t    \t\t<div class=\"services-icon\">\r\n\t\t    \t\t\t\t    \t\t\t\t    \t\t\t<img decoding=\"async\" src=\"http:\/\/www.atosforming.com\/wp-content\/uploads\/2025\/05\/Adsiz-140-x-120-piksel-550-x-460-piksel-60-x-60-piksel-410-x-270-piksel-2.png\" alt=\"image\"\/>\r\n\t\t    \t\t\t    \t\t<\/div>\t\r\n\t    \t\t    \t\t\t    \t<div class=\"services-title\">\t\t    \t\t\r\n\t\t    \t\t\r\n\t\t    \t\t\t\t    \t\t\t<h2 class=\"title\">\t Defense Industry<\/h2>\r\n\t\t    \t\t\t\t\t\t    \t\t\r\n\t\t    \t<\/div>\r\n\t    \t\t\r\n\r\n\t    \t\t    \t\t<p class=\"services-txt\">  We continue to optimize one of our production lines to meet the needs of the defense industry. By optimizing our production processes based on the requirements and feedback we receive from our partners, we strive to help them become more competitive.<br><br>\n\n<\/p>\t\r\n\t    \t\t\r\n\r\n\t    \t\r\n\r\n\t    <\/div>\r\n    \t\r\n\t    \t<div class=\"services-btn-part\">\r\n\t    \t\t\t    \t\t\r\n    \t\t\t<a class=\"services-btn icon-after\" href=\"https:\/\/www.atosforming.com\/en\/iletisim\/\">\r\n\r\n    \t\t\t\t<span class=\"btn_text\">\r\n    \t\t\t\t\tContact Us    \t\t\t\t\t\t\r\n    \t\t\t\t<\/span>\r\n    \t\t\t\t<i class=\"fal fa-long-arrow-right\"><\/i>\r\n\r\n    \t\t\t<\/a>\t    \t\t    \t\t\r\n\t    \t\t\r\n\t    \t<\/div>\r\n    \t\t<\/div>\r\n<\/div>\t\t\t\t<\/div>\n\t\t\t\t<\/div>\n\t\t\t\t\t<\/div>\n\t\t<\/div>\n\t\t\t\t<div class=\"elementor-column elementor-col-33 elementor-inner-column elementor-element elementor-element-63e0f7b\" data-id=\"63e0f7b\" data-element_type=\"column\">\n\t\t\t<div class=\"elementor-widget-wrap elementor-element-populated\">\n\t\t\t\t\t\t<div class=\"elementor-element elementor-element-3eaf868 elementor-widget elementor-widget-rt-service-grid\" data-id=\"3eaf868\" data-element_type=\"widget\" data-widget_type=\"rt-service-grid.default\">\n\t\t\t\t<div class=\"elementor-widget-container\">\n\t\t\t\t\t<div class=\"react-addon-services services-style2\">\r\n    <div class=\"services-part\">\r\n    \t\t\t    \t\t       \r\n\t    <div class=\"services-text style5\">\r\n\t    \t\t    \t\t<div class=\"services-icon\">\r\n\t\t    \t\t\t\t    \t\t\t\t    \t\t\t<img decoding=\"async\" src=\"http:\/\/www.atosforming.com\/wp-content\/uploads\/2025\/05\/Adsiz-140-x-120-piksel-550-x-460-piksel-60-x-60-piksel-410-x-270-piksel.png\" alt=\"image\"\/>\r\n\t\t    \t\t\t    \t\t<\/div>\t\r\n\t    \t\t    \t\t\t    \t<div class=\"services-title\">\t\t    \t\t\r\n\t\t    \t\t\r\n\t\t    \t\t\t\t    \t\t\t<h2 class=\"title\">\t Construction<\/h2>\r\n\t\t    \t\t\t\t\t\t    \t\t\r\n\t\t    \t<\/div>\r\n\t    \t\t\r\n\r\n\t    \t\t    \t\t<p class=\"services-txt translation-block\">With our monthly production of an average of 150,000 units of stud nails and structural steel bolts compliant with <a href=\"https:\/\/intweb.tse.org.tr\/standard\/standard\/Standard.aspx?081118051115108051104119110104055047105102120088111043113104073087079047116070084076083069070072\" target=\"_blank\" rel=\"noopener\">TS EN ISO 13918<\/a> standards, we serve as a supply partner for many of our customers in the construction industry.<br><br><br><\/p>\t\r\n\t    \t\t\r\n\r\n\t    \t\r\n\r\n\t    <\/div>\r\n    \t\r\n\t    \t<div class=\"services-btn-part\">\r\n\t    \t\t\t    \t\t\r\n    \t\t\t<a class=\"services-btn icon-after\" href=\"https:\/\/www.atosforming.com\/en\/iletisim\/\">\r\n\r\n    \t\t\t\t<span class=\"btn_text\">\r\n    \t\t\t\t\tContact Us    \t\t\t\t\t\t\r\n    \t\t\t\t<\/span>\r\n    \t\t\t\t<i class=\"fal fa-long-arrow-right\"><\/i>\r\n\r\n    \t\t\t<\/a>\t    \t\t    \t\t\r\n\t    \t\t\r\n\t    \t<\/div>\r\n    \t\t<\/div>\r\n<\/div>\t\t\t\t<\/div>\n\t\t\t\t<\/div>\n\t\t\t\t\t<\/div>\n\t\t<\/div>\n\t\t\t\t\t<\/div>\n\t\t<\/section>\n\t\t\t\t<section class=\"elementor-section elementor-inner-section elementor-element elementor-element-521ff6e elementor-section-boxed elementor-section-height-default elementor-section-height-default\" data-id=\"521ff6e\" data-element_type=\"section\">\n\t\t\t\t\t\t<div class=\"elementor-container elementor-column-gap-default\">\n\t\t\t\t\t<div class=\"elementor-column elementor-col-33 elementor-inner-column elementor-element elementor-element-8a9a34b\" data-id=\"8a9a34b\" data-element_type=\"column\">\n\t\t\t<div class=\"elementor-widget-wrap elementor-element-populated\">\n\t\t\t\t\t\t<div class=\"elementor-element elementor-element-c7d4d63 elementor-widget elementor-widget-rt-service-grid\" data-id=\"c7d4d63\" data-element_type=\"widget\" data-widget_type=\"rt-service-grid.default\">\n\t\t\t\t<div class=\"elementor-widget-container\">\n\t\t\t\t\t<div class=\"react-addon-services services-style2\">\r\n    <div class=\"services-part\">\r\n    \t\t\t    \t\t       \r\n\t    <div class=\"services-text style5\">\r\n\t    \t\t    \t\t<div class=\"services-icon\">\r\n\t\t    \t\t\t\t    \t\t\t\t    \t\t\t<img decoding=\"async\" src=\"http:\/\/www.atosforming.com\/wp-content\/uploads\/2025\/05\/Adsiz-140-x-120-piksel-550-x-460-piksel-60-x-60-piksel-410-x-270-piksel-3.png\" alt=\"image\"\/>\r\n\t\t    \t\t\t    \t\t<\/div>\t\r\n\t    \t\t    \t\t\t    \t<div class=\"services-title\">\t\t    \t\t\r\n\t\t    \t\t\r\n\t\t    \t\t\t\t    \t\t\t<h2 class=\"title\">\t Energy<\/h2>\r\n\t\t    \t\t\t\t\t\t    \t\t\r\n\t\t    \t<\/div>\r\n\t    \t\t\r\n\r\n\t    \t\t    \t\t<p class=\"services-txt\">  We offer partnership solutions to our partners operating in various sectors of the energy industry, particularly in the field of power transmission lines.\n<\/p>\t\r\n\t    \t\t\r\n\r\n\t    \t\r\n\r\n\t    <\/div>\r\n    \t\r\n\t    \t<div class=\"services-btn-part\">\r\n\t    \t\t\t    \t\t\r\n    \t\t\t<a class=\"services-btn icon-after\" href=\"https:\/\/www.atosforming.com\/en\/iletisim\/\">\r\n\r\n    \t\t\t\t<span class=\"btn_text\">\r\n    \t\t\t\t\tContact Us    \t\t\t\t\t\t\r\n    \t\t\t\t<\/span>\r\n    \t\t\t\t<i class=\"fal fa-long-arrow-right\"><\/i>\r\n\r\n    \t\t\t<\/a>\t    \t\t    \t\t\r\n\t    \t\t\r\n\t    \t<\/div>\r\n    \t\t<\/div>\r\n<\/div>\t\t\t\t<\/div>\n\t\t\t\t<\/div>\n\t\t\t\t\t<\/div>\n\t\t<\/div>\n\t\t\t\t<div class=\"elementor-column elementor-col-33 elementor-inner-column elementor-element elementor-element-e4f68d5\" data-id=\"e4f68d5\" data-element_type=\"column\">\n\t\t\t<div class=\"elementor-widget-wrap\">\n\t\t\t\t\t\t\t<\/div>\n\t\t<\/div>\n\t\t\t\t<div class=\"elementor-column elementor-col-33 elementor-inner-column elementor-element elementor-element-41bf7c5\" data-id=\"41bf7c5\" data-element_type=\"column\">\n\t\t\t<div class=\"elementor-widget-wrap\">\n\t\t\t\t\t\t\t<\/div>\n\t\t<\/div>\n\t\t\t\t\t<\/div>\n\t\t<\/section>\n\t\t\t\t\t<\/div>\n\t\t<\/div>\n\t\t\t\t\t<\/div>\n\t\t<\/section>\n\t\t\t\t<section class=\"elementor-section elementor-top-section elementor-element elementor-element-1347bb8 elementor-section-content-middle elementor-section-stretched elementor-section-boxed elementor-section-height-default elementor-section-height-default\" data-id=\"1347bb8\" data-element_type=\"section\" data-settings=\"{&quot;background_background&quot;:&quot;classic&quot;,&quot;stretch_section&quot;:&quot;section-stretched&quot;}\">\n\t\t\t\t\t\t<div class=\"elementor-container elementor-column-gap-default\">\n\t\t\t\t\t<div class=\"elementor-column elementor-col-100 elementor-top-column elementor-element elementor-element-ac6ee6a\" data-id=\"ac6ee6a\" data-element_type=\"column\">\n\t\t\t<div class=\"elementor-widget-wrap elementor-element-populated\">\n\t\t\t\t\t\t<section class=\"elementor-section elementor-inner-section elementor-element elementor-element-1d95f14 elementor-section-boxed elementor-section-height-default elementor-section-height-default\" data-id=\"1d95f14\" data-element_type=\"section\">\n\t\t\t\t\t\t<div class=\"elementor-container elementor-column-gap-extended\">\n\t\t\t\t\t<div class=\"elementor-column elementor-col-33 elementor-inner-column elementor-element elementor-element-2b1d2b3\" data-id=\"2b1d2b3\" data-element_type=\"column\">\n\t\t\t<div class=\"elementor-widget-wrap elementor-element-populated\">\n\t\t\t\t\t\t<div class=\"elementor-element elementor-element-21fd3c2 elementor-widget elementor-widget-rt-service-grid\" data-id=\"21fd3c2\" data-element_type=\"widget\" data-widget_type=\"rt-service-grid.default\">\n\t\t\t\t<div class=\"elementor-widget-container\">\n\t\t\t\t\t<div class=\"react-addon-services services-style2\">\r\n    <div class=\"services-part\">\r\n    \t\t\t    \t\t       \r\n\t    <div class=\"services-text style5\">\r\n\t    \t\t    \t\t<div class=\"services-icon\">\r\n\t\t    \t\t\t\t    \t\t\t\t    \t\t\t<img decoding=\"async\" src=\"http:\/\/www.atosforming.com\/wp-content\/uploads\/2025\/09\/s-icon4-4.png\" alt=\"image\"\/>\r\n\t\t    \t\t\t    \t\t<\/div>\t\r\n\t    \t\t    \t\t\t    \t<div class=\"services-title\">\t\t    \t\t\r\n\t\t    \t\t\r\n\t\t    \t\t\t\t    \t\t\t<h2 class=\"title\">\t Quality Is Always Our Top Priority<\/h2>\r\n\t\t    \t\t\t\t\t\t    \t\t\r\n\t\t    \t<\/div>\r\n\t    \t\t\r\n\r\n\t    \t\t    \t\t<p class=\"services-txt\">  We prioritize quality at every stage of our production process. We add value to the industry with durable and reliable solutions.<\/p>\t\r\n\t    \t\t\r\n\r\n\t    \t\r\n\r\n\t    <\/div>\r\n    \t\r\n\t    \t<div class=\"services-btn-part\">\r\n\t    \t\t\t    \t\t\r\n    \t\t\t<a class=\"services-btn icon-after\" href=\"https:\/\/www.atosforming.com\/en\/iletisim\/\">\r\n\r\n    \t\t\t\t<span class=\"btn_text\">\r\n    \t\t\t\t\tContact Us    \t\t\t\t\t\t\r\n    \t\t\t\t<\/span>\r\n    \t\t\t\t<i class=\"fal fa-long-arrow-right\"><\/i>\r\n\r\n    \t\t\t<\/a>\t    \t\t    \t\t\r\n\t    \t\t\r\n\t    \t<\/div>\r\n    \t\t<\/div>\r\n<\/div>\t\t\t\t<\/div>\n\t\t\t\t<\/div>\n\t\t\t\t\t<\/div>\n\t\t<\/div>\n\t\t\t\t<div class=\"elementor-column elementor-col-33 elementor-inner-column elementor-element elementor-element-0fab340\" data-id=\"0fab340\" data-element_type=\"column\">\n\t\t\t<div class=\"elementor-widget-wrap elementor-element-populated\">\n\t\t\t\t\t\t<div class=\"elementor-element elementor-element-c733a1d elementor-widget elementor-widget-rt-service-grid\" data-id=\"c733a1d\" data-element_type=\"widget\" data-widget_type=\"rt-service-grid.default\">\n\t\t\t\t<div class=\"elementor-widget-container\">\n\t\t\t\t\t<div class=\"react-addon-services services-style2\">\r\n    <div class=\"services-part\">\r\n    \t\t\t    \t\t       \r\n\t    <div class=\"services-text style5\">\r\n\t    \t\t    \t\t<div class=\"services-icon\">\r\n\t\t    \t\t\t\t    \t\t\t\t    \t\t\t<img decoding=\"async\" src=\"http:\/\/www.atosforming.com\/wp-content\/uploads\/2025\/09\/s-icon5-1.png\" alt=\"image\"\/>\r\n\t\t    \t\t\t    \t\t<\/div>\t\r\n\t    \t\t    \t\t\t    \t<div class=\"services-title\">\t\t    \t\t\r\n\t\t    \t\t\r\n\t\t    \t\t\t\t    \t\t\t<h2 class=\"title\">\t Trust-Based Production<\/h2>\r\n\t\t    \t\t\t\t\t\t    \t\t\r\n\t\t    \t<\/div>\r\n\t    \t\t\r\n\r\n\t    \t\t    \t\t<p class=\"services-txt\">  We build sustainable relationships with our business partners. We approach every project with transparency and accountability.<\/p>\t\r\n\t    \t\t\r\n\r\n\t    \t\r\n\r\n\t    <\/div>\r\n    \t\r\n\t    \t<div class=\"services-btn-part\">\r\n\t    \t\t\t    \t\t\r\n    \t\t\t<a class=\"services-btn icon-after\" href=\"https:\/\/www.atosforming.com\/en\/iletisim\/\">\r\n\r\n    \t\t\t\t<span class=\"btn_text\">\r\n    \t\t\t\t\tContact Us    \t\t\t\t\t\t\r\n    \t\t\t\t<\/span>\r\n    \t\t\t\t<i class=\"fal fa-long-arrow-right\"><\/i>\r\n\r\n    \t\t\t<\/a>\t    \t\t    \t\t\r\n\t    \t\t\r\n\t    \t<\/div>\r\n    \t\t<\/div>\r\n<\/div>\t\t\t\t<\/div>\n\t\t\t\t<\/div>\n\t\t\t\t\t<\/div>\n\t\t<\/div>\n\t\t\t\t<div class=\"elementor-column elementor-col-33 elementor-inner-column elementor-element elementor-element-e1abf45\" data-id=\"e1abf45\" data-element_type=\"column\">\n\t\t\t<div class=\"elementor-widget-wrap elementor-element-populated\">\n\t\t\t\t\t\t<div class=\"elementor-element elementor-element-11bc3e6 elementor-widget elementor-widget-rt-service-grid\" data-id=\"11bc3e6\" data-element_type=\"widget\" data-widget_type=\"rt-service-grid.default\">\n\t\t\t\t<div class=\"elementor-widget-container\">\n\t\t\t\t\t<div class=\"react-addon-services services-style2\">\r\n    <div class=\"services-part\">\r\n    \t\t\t    \t\t       \r\n\t    <div class=\"services-text style5\">\r\n\t    \t\t    \t\t<div class=\"services-icon\">\r\n\t\t    \t\t\t\t    \t\t\t\t    \t\t\t<img decoding=\"async\" src=\"http:\/\/www.atosforming.com\/wp-content\/uploads\/2025\/09\/s-icon6-1.png\" alt=\"image\"\/>\r\n\t\t    \t\t\t    \t\t<\/div>\t\r\n\t    \t\t    \t\t\t    \t<div class=\"services-title\">\t\t    \t\t\r\n\t\t    \t\t\r\n\t\t    \t\t\t\t    \t\t\t<h2 class=\"title\">\t Industrial Quality Standard<\/h2>\r\n\t\t    \t\t\t\t\t\t    \t\t\r\n\t\t    \t<\/div>\r\n\t    \t\t\r\n\r\n\t    \t\t    \t\t<p class=\"services-txt\">  Our production processes are designed to comply with international quality standards. Every product undergoes thorough inspections and testing.<\/p>\t\r\n\t    \t\t\r\n\r\n\t    \t\r\n\r\n\t    <\/div>\r\n    \t\r\n\t    \t<div class=\"services-btn-part\">\r\n\t    \t\t\t    \t\t\r\n    \t\t\t<a class=\"services-btn icon-after\" href=\"https:\/\/www.atosforming.com\/en\/iletisim\/\">\r\n\r\n    \t\t\t\t<span class=\"btn_text\">\r\n    \t\t\t\t\tContact Us    \t\t\t\t\t\t\r\n    \t\t\t\t<\/span>\r\n    \t\t\t\t<i class=\"fal fa-long-arrow-right\"><\/i>\r\n\r\n    \t\t\t<\/a>\t    \t\t    \t\t\r\n\t    \t\t\r\n\t    \t<\/div>\r\n    \t\t<\/div>\r\n<\/div>\t\t\t\t<\/div>\n\t\t\t\t<\/div>\n\t\t\t\t\t<\/div>\n\t\t<\/div>\n\t\t\t\t\t<\/div>\n\t\t<\/section>\n\t\t\t\t\t<\/div>\n\t\t<\/div>\n\t\t\t\t\t<\/div>\n\t\t<\/section>\n\t\t\t\t<section class=\"elementor-section elementor-top-section elementor-element elementor-element-bdc0f3c elementor-section-content-middle elementor-section-boxed elementor-section-height-default elementor-section-height-default\" data-id=\"bdc0f3c\" data-element_type=\"section\" data-settings=\"{&quot;background_background&quot;:&quot;classic&quot;}\">\n\t\t\t\t\t\t<div class=\"elementor-container elementor-column-gap-default\">\n\t\t\t\t\t<div class=\"elementor-column elementor-col-100 elementor-top-column elementor-element elementor-element-803e057\" data-id=\"803e057\" data-element_type=\"column\">\n\t\t\t<div class=\"elementor-widget-wrap elementor-element-populated\">\n\t\t\t\t\t\t<section class=\"elementor-section elementor-inner-section elementor-element elementor-element-6c33fea elementor-section-boxed elementor-section-height-default elementor-section-height-default\" data-id=\"6c33fea\" data-element_type=\"section\">\n\t\t\t\t\t\t<div class=\"elementor-container elementor-column-gap-extended\">\n\t\t\t\t\t<div class=\"elementor-column elementor-col-33 elementor-inner-column elementor-element elementor-element-89f3f4c\" data-id=\"89f3f4c\" data-element_type=\"column\">\n\t\t\t<div class=\"elementor-widget-wrap elementor-element-populated\">\n\t\t\t\t\t\t<div class=\"elementor-element elementor-element-592e437 elementor-widget elementor-widget-rt-service-grid\" data-id=\"592e437\" data-element_type=\"widget\" data-widget_type=\"rt-service-grid.default\">\n\t\t\t\t<div class=\"elementor-widget-container\">\n\t\t\t\t\t<div class=\"react-addon-services services-style6\">\r\n    <div class=\"services-part\">\r\n    \t\t\t    \t\t       \r\n\t    <div class=\"services-text\">\r\n\t    \t\t    \t\t<h2 class=\"shadow-text\">01<\/h2>\r\n\t    \t\t    \t\t    \t\t<div class=\"services-icon\">\r\n\t\t    \t\t\t\t    \t\t\t\t    \t\t\t<img decoding=\"async\" src=\"https:\/\/reactheme.com\/products\/wordpress\/finanix\/wp-content\/uploads\/2022\/03\/s-icon7.png\" alt=\"image\"\/>\r\n\t\t    \t\t\t    \t\t<\/div>\t\r\n\t    \t\t    \t\t\t    \t<div class=\"services-title\">\t\t    \t\t\r\n\t\t    \t\t\r\n\t\t    \t\t\t\t    \t\t\t<h2 class=\"title\">\t Commitment to deadlines<\/h2>\r\n\t\t    \t\t\t\t\t\t    \t\t\r\n\t\t    \t<\/div>\r\n\t    \t\t\r\n\r\n\t    \t\t    \t\t<p class=\"services-txt\">  Our production planning ensures full alignment with your project schedules.<\/p>\t\r\n\t    \t\t\r\n\r\n\t    \t\r\n\t    \t<div class=\"services-btn-part\">\r\n\t    \t\t\t    \t\t\r\n    \t\t\t<a class=\"services-btn icon-after\" href=\"https:\/\/www.atosforming.com\/en\/iletisim\/\">\r\n\r\n    \t\t\t\t<span class=\"btn_text\">\r\n    \t\t\t\t\tContact Us    \t\t\t\t\t\t\r\n    \t\t\t\t<\/span>\r\n\t\t\t\t\t<i class=\"fal fa-long-arrow-right\"><\/i>\r\n    \t\t\t\t\r\n\r\n    \t\t\t<\/a>\t    \t\t    \t\t\r\n\t    \t\t\r\n\t    \t<\/div>\r\n    \t\r\n\t    <\/div>\r\n    \t\r\n\t<\/div>\r\n<\/div>\t\t\t\t<\/div>\n\t\t\t\t<\/div>\n\t\t\t\t\t<\/div>\n\t\t<\/div>\n\t\t\t\t<div class=\"elementor-column elementor-col-33 elementor-inner-column elementor-element elementor-element-38c227d\" data-id=\"38c227d\" data-element_type=\"column\">\n\t\t\t<div class=\"elementor-widget-wrap elementor-element-populated\">\n\t\t\t\t\t\t<div class=\"elementor-element elementor-element-ef97471 elementor-widget elementor-widget-rt-service-grid\" data-id=\"ef97471\" data-element_type=\"widget\" data-widget_type=\"rt-service-grid.default\">\n\t\t\t\t<div class=\"elementor-widget-container\">\n\t\t\t\t\t<div class=\"react-addon-services services-style6\">\r\n    <div class=\"services-part\">\r\n    \t\t\t    \t\t       \r\n\t    <div class=\"services-text\">\r\n\t    \t\t    \t\t<h2 class=\"shadow-text\">02<\/h2>\r\n\t    \t\t    \t\t    \t\t<div class=\"services-icon\">\r\n\t\t    \t\t\t\t    \t\t\t\t    \t\t\t<img decoding=\"async\" src=\"https:\/\/reactheme.com\/products\/wordpress\/finanix\/wp-content\/uploads\/2022\/03\/s-icon8.png\" alt=\"image\"\/>\r\n\t\t    \t\t\t    \t\t<\/div>\t\r\n\t    \t\t    \t\t\t    \t<div class=\"services-title\">\t\t    \t\t\r\n\t\t    \t\t\r\n\t\t    \t\t\t\t    \t\t\t<h2 class=\"title\">\t Uninterrupted Customer Support<\/h2>\r\n\t\t    \t\t\t\t\t\t    \t\t\r\n\t\t    \t<\/div>\r\n\t    \t\t\r\n\r\n\t    \t\t    \t\t<p class=\"services-txt\">  Our team of experts is ready to support you every step of the way.<\/p>\t\r\n\t    \t\t\r\n\r\n\t    \t\r\n\t    \t<div class=\"services-btn-part\">\r\n\t    \t\t\t    \t\t\r\n    \t\t\t<a class=\"services-btn icon-after\" href=\"https:\/\/www.atosforming.com\/en\/iletisim\/\">\r\n\r\n    \t\t\t\t<span class=\"btn_text\">\r\n    \t\t\t\t\tContact Us    \t\t\t\t\t\t\r\n    \t\t\t\t<\/span>\r\n\t\t\t\t\t<i class=\"fal fa-long-arrow-right\"><\/i>\r\n    \t\t\t\t\r\n\r\n    \t\t\t<\/a>\t    \t\t    \t\t\r\n\t    \t\t\r\n\t    \t<\/div>\r\n    \t\r\n\t    <\/div>\r\n    \t\r\n\t<\/div>\r\n<\/div>\t\t\t\t<\/div>\n\t\t\t\t<\/div>\n\t\t\t\t\t<\/div>\n\t\t<\/div>\n\t\t\t\t<div class=\"elementor-column elementor-col-33 elementor-inner-column elementor-element elementor-element-16a19f8\" data-id=\"16a19f8\" data-element_type=\"column\">\n\t\t\t<div class=\"elementor-widget-wrap elementor-element-populated\">\n\t\t\t\t\t\t<div class=\"elementor-element elementor-element-f4f0501 elementor-widget elementor-widget-rt-service-grid\" data-id=\"f4f0501\" data-element_type=\"widget\" data-widget_type=\"rt-service-grid.default\">\n\t\t\t\t<div class=\"elementor-widget-container\">\n\t\t\t\t\t<div class=\"react-addon-services services-style6\">\r\n    <div class=\"services-part\">\r\n    \t\t\t    \t\t       \r\n\t    <div class=\"services-text\">\r\n\t    \t\t    \t\t<h2 class=\"shadow-text\">03<\/h2>\r\n\t    \t\t    \t\t    \t\t<div class=\"services-icon\">\r\n\t\t    \t\t\t\t    \t\t\t\t    \t\t\t<img decoding=\"async\" src=\"https:\/\/reactheme.com\/products\/wordpress\/finanix\/wp-content\/uploads\/2022\/03\/s-icon9.png\" alt=\"image\"\/>\r\n\t\t    \t\t\t    \t\t<\/div>\t\r\n\t    \t\t    \t\t\t    \t<div class=\"services-title\">\t\t    \t\t\r\n\t\t    \t\t\r\n\t\t    \t\t\t\t    \t\t\t<h2 class=\"title\">\t Professional Production Discipline<\/h2>\r\n\t\t    \t\t\t\t\t\t    \t\t\r\n\t\t    \t<\/div>\r\n\t    \t\t\r\n\r\n\t    \t\t    \t\t<p class=\"services-txt\">  We adhere to engineering standards at every stage.<\/p>\t\r\n\t    \t\t\r\n\r\n\t    \t\r\n\t    \t<div class=\"services-btn-part\">\r\n\t    \t\t\t    \t\t\r\n    \t\t\t<a class=\"services-btn icon-after\" href=\"https:\/\/www.atosforming.com\/en\/iletisim\/\">\r\n\r\n    \t\t\t\t<span class=\"btn_text\">\r\n    \t\t\t\t\tContact Us    \t\t\t\t\t\t\r\n    \t\t\t\t<\/span>\r\n\t\t\t\t\t<i class=\"fal fa-long-arrow-right\"><\/i>\r\n    \t\t\t\t\r\n\r\n    \t\t\t<\/a>\t    \t\t    \t\t\r\n\t    \t\t\r\n\t    \t<\/div>\r\n    \t\r\n\t    <\/div>\r\n    \t\r\n\t<\/div>\r\n<\/div>\t\t\t\t<\/div>\n\t\t\t\t<\/div>\n\t\t\t\t\t<\/div>\n\t\t<\/div>\n\t\t\t\t\t<\/div>\n\t\t<\/section>\n\t\t\t\t\t<\/div>\n\t\t<\/div>\n\t\t\t\t\t<\/div>\n\t\t<\/section>\n\t\t\t\t<\/div>","protected":false},"excerpt":{"rendered":"<p>Otomotiv Otomotiv sekt\u00f6r\u00fcnde \u201crot grubu\u201d ba\u015fta olmak uzere, bir\u00e7ok partnerimize hizmet vermekteyiz. Partnerlerimizle beraber y\u00fcr\u00fctt\u00fc\u011f\u00fcm\u00fcz projelerde gizlilik ve kalite konular\u0131nda onlar\u0131n hassasiyetlerine uygun olarak \u00fcretim sure\u00e7lerimizi y\u00f6netmekteyiz. \u0130leti\u015fime Ge\u00e7 Savunma Sanayi Savunma Sanayi gereksinimlerine uygun olarak bir hatt\u0131m\u0131z\u0131 bu sekt\u00f6r i\u00e7in optimize etmeye devam ediyoruz. Partnelerimizden gelen gereksinim ve geri bildirimler ile \u00fcretim sure\u00e7lerimizi optimize&#8230;<\/p>","protected":false},"author":1,"featured_media":0,"parent":0,"menu_order":0,"comment_status":"closed","ping_status":"closed","template":"","meta":{"footnotes":""},"class_list":["post-5309","page","type-page","status-publish","hentry"],"_links":{"self":[{"href":"https:\/\/www.atosforming.com\/en\/wp-json\/wp\/v2\/pages\/5309","targetHints":{"allow":["GET"]}}],"collection":[{"href":"https:\/\/www.atosforming.com\/en\/wp-json\/wp\/v2\/pages"}],"about":[{"href":"https:\/\/www.atosforming.com\/en\/wp-json\/wp\/v2\/types\/page"}],"author":[{"embeddable":true,"href":"https:\/\/www.atosforming.com\/en\/wp-json\/wp\/v2\/users\/1"}],"replies":[{"embeddable":true,"href":"https:\/\/www.atosforming.com\/en\/wp-json\/wp\/v2\/comments?post=5309"}],"version-history":[{"count":35,"href":"https:\/\/www.atosforming.com\/en\/wp-json\/wp\/v2\/pages\/5309\/revisions"}],"predecessor-version":[{"id":6008,"href":"https:\/\/www.atosforming.com\/en\/wp-json\/wp\/v2\/pages\/5309\/revisions\/6008"}],"wp:attachment":[{"href":"https:\/\/www.atosforming.com\/en\/wp-json\/wp\/v2\/media?parent=5309"}],"curies":[{"name":"wp","href":"https:\/\/api.w.org\/{rel}","templated":true}]}}