{"id":5381,"date":"2025-05-14T14:27:09","date_gmt":"2025-05-14T14:27:09","guid":{"rendered":"https:\/\/www.atosforming.com\/?page_id=5381"},"modified":"2025-09-24T20:52:22","modified_gmt":"2025-09-24T20:52:22","slug":"kalite-sertifikalarimiz","status":"publish","type":"page","link":"https:\/\/www.atosforming.com\/en\/kalite-sertifikalarimiz\/","title":{"rendered":"Our Certificates"},"content":{"rendered":"<div data-elementor-type=\"wp-page\" data-elementor-id=\"5381\" class=\"elementor elementor-5381\">\n\t\t\t\t<div class=\"elementor-element elementor-element-cd9c9d2 e-flex e-con-boxed e-con e-parent\" data-id=\"cd9c9d2\" data-element_type=\"container\">\n\t\t\t\t\t<div class=\"e-con-inner\">\n\t\t\t\t<div class=\"elementor-element elementor-element-bfd7a84 elementor-widget elementor-widget-heading\" data-id=\"bfd7a84\" data-element_type=\"widget\" data-widget_type=\"heading.default\">\n\t\t\t\t\t<h2 class=\"elementor-heading-title elementor-size-default\">Our Quality Certificates<\/h2>\t\t\t\t<\/div>\n\t\t\t\t<div class=\"elementor-element elementor-element-95e65ad elementor-widget-divider--view-line elementor-widget elementor-widget-divider\" data-id=\"95e65ad\" data-element_type=\"widget\" data-widget_type=\"divider.default\">\n\t\t\t\t\t\t\t<div class=\"elementor-divider\">\n\t\t\t<span class=\"elementor-divider-separator\">\n\t\t\t\t\t\t<\/span>\n\t\t<\/div>\n\t\t\t\t\t\t<\/div>\n\t\t\t\t<div class=\"elementor-element elementor-element-a662be0 elementor-widget elementor-widget-image-gallery\" data-id=\"a662be0\" data-element_type=\"widget\" data-widget_type=\"image-gallery.default\">\n\t\t\t\t\t\t\t<div class=\"elementor-image-gallery\">\n\t\t\t<div id='gallery-1' class='gallery galleryid-5381 gallery-columns-2 gallery-size-medium_large'><figure class='gallery-item'>\n\t\t\t<div class='gallery-icon portrait'>\n\t\t\t\t<a data-elementor-open-lightbox=\"yes\" data-elementor-lightbox-slideshow=\"a662be0\" data-elementor-lightbox-title=\"ATOS FORM\u0130NG ISO 9001\" data-elementor-lightbox-description=\"Kalite\" data-e-action-hash=\"#elementor-action%3Aaction%3Dlightbox%26settings%3DeyJpZCI6NTc5OSwidXJsIjoiaHR0cHM6XC9cL3d3dy5hdG9zZm9ybWluZy5jb21cL3dwLWNvbnRlbnRcL3VwbG9hZHNcLzIwMjVcLzA5XC9BVE9TLUZPUk1JTkctOS1UUl9wYWdlLTAwMDEuanBnIiwic2xpZGVzaG93IjoiYTY2MmJlMCJ9\" href='https:\/\/www.atosforming.com\/wp-content\/uploads\/2025\/09\/ATOS-FORMING-9-TR_page-0001.jpg'><img fetchpriority=\"high\" decoding=\"async\" width=\"640\" height=\"905\" src=\"https:\/\/www.atosforming.com\/wp-content\/uploads\/2025\/09\/ATOS-FORMING-9-TR_page-0001-768x1086.jpg\" class=\"attachment-medium_large size-medium_large\" alt=\"Kalite\" aria-describedby=\"gallery-1-5799\" srcset=\"https:\/\/www.atosforming.com\/wp-content\/uploads\/2025\/09\/ATOS-FORMING-9-TR_page-0001-768x1086.jpg 768w, https:\/\/www.atosforming.com\/wp-content\/uploads\/2025\/09\/ATOS-FORMING-9-TR_page-0001-212x300.jpg 212w, https:\/\/www.atosforming.com\/wp-content\/uploads\/2025\/09\/ATOS-FORMING-9-TR_page-0001-724x1024.jpg 724w, https:\/\/www.atosforming.com\/wp-content\/uploads\/2025\/09\/ATOS-FORMING-9-TR_page-0001-1086x1536.jpg 1086w, https:\/\/www.atosforming.com\/wp-content\/uploads\/2025\/09\/ATOS-FORMING-9-TR_page-0001.jpg 1240w\" sizes=\"(max-width: 640px) 100vw, 640px\" \/><\/a>\n\t\t\t<\/div>\n\t\t\t\t<figcaption class='wp-caption-text gallery-caption' id='gallery-1-5799'>\n\t\t\t\tATOS Forming ISO 9001\n\t\t\t\t<\/figcaption><\/figure><figure class='gallery-item'>\n\t\t\t<div class='gallery-icon portrait'>\n\t\t\t\t<a data-elementor-open-lightbox=\"yes\" data-elementor-lightbox-slideshow=\"a662be0\" data-elementor-lightbox-title=\"ATOS Forming ISO 10002\" data-elementor-lightbox-description=\"Kalite\" data-e-action-hash=\"#elementor-action%3Aaction%3Dlightbox%26settings%3DeyJpZCI6NTgwMCwidXJsIjoiaHR0cHM6XC9cL3d3dy5hdG9zZm9ybWluZy5jb21cL3dwLWNvbnRlbnRcL3VwbG9hZHNcLzIwMjVcLzA5XC9BVE9TLUZPUk1JTkctMTAtVFJfcGFnZS0wMDAxLmpwZyIsInNsaWRlc2hvdyI6ImE2NjJiZTAifQ%3D%3D\" href='https:\/\/www.atosforming.com\/wp-content\/uploads\/2025\/09\/ATOS-FORMING-10-TR_page-0001.jpg'><img decoding=\"async\" width=\"640\" height=\"905\" src=\"https:\/\/www.atosforming.com\/wp-content\/uploads\/2025\/09\/ATOS-FORMING-10-TR_page-0001-768x1086.jpg\" class=\"attachment-medium_large size-medium_large\" alt=\"\" aria-describedby=\"gallery-1-5800\" srcset=\"https:\/\/www.atosforming.com\/wp-content\/uploads\/2025\/09\/ATOS-FORMING-10-TR_page-0001-768x1086.jpg 768w, https:\/\/www.atosforming.com\/wp-content\/uploads\/2025\/09\/ATOS-FORMING-10-TR_page-0001-212x300.jpg 212w, https:\/\/www.atosforming.com\/wp-content\/uploads\/2025\/09\/ATOS-FORMING-10-TR_page-0001-724x1024.jpg 724w, https:\/\/www.atosforming.com\/wp-content\/uploads\/2025\/09\/ATOS-FORMING-10-TR_page-0001-1086x1536.jpg 1086w, https:\/\/www.atosforming.com\/wp-content\/uploads\/2025\/09\/ATOS-FORMING-10-TR_page-0001.jpg 1240w\" sizes=\"(max-width: 640px) 100vw, 640px\" \/><\/a>\n\t\t\t<\/div>\n\t\t\t\t<figcaption class='wp-caption-text gallery-caption' id='gallery-1-5800'>\n\t\t\t\tATOS Forming ISO 10002\n\t\t\t\t<\/figcaption><\/figure><figure class='gallery-item'>\n\t\t\t<div class='gallery-icon portrait'>\n\t\t\t\t<a data-elementor-open-lightbox=\"yes\" data-elementor-lightbox-slideshow=\"a662be0\" data-elementor-lightbox-title=\"ATOS Forming ISO 14001\" data-elementor-lightbox-description=\"Kalite\" data-e-action-hash=\"#elementor-action%3Aaction%3Dlightbox%26settings%3DeyJpZCI6NTgwMSwidXJsIjoiaHR0cHM6XC9cL3d3dy5hdG9zZm9ybWluZy5jb21cL3dwLWNvbnRlbnRcL3VwbG9hZHNcLzIwMjVcLzA5XC9BVE9TLUZPUk1JTkctMTQtVFJfcGFnZS0wMDAxLmpwZyIsInNsaWRlc2hvdyI6ImE2NjJiZTAifQ%3D%3D\" href='https:\/\/www.atosforming.com\/wp-content\/uploads\/2025\/09\/ATOS-FORMING-14-TR_page-0001.jpg'><img decoding=\"async\" width=\"640\" height=\"905\" src=\"https:\/\/www.atosforming.com\/wp-content\/uploads\/2025\/09\/ATOS-FORMING-14-TR_page-0001-768x1086.jpg\" class=\"attachment-medium_large size-medium_large\" alt=\"\" aria-describedby=\"gallery-1-5801\" srcset=\"https:\/\/www.atosforming.com\/wp-content\/uploads\/2025\/09\/ATOS-FORMING-14-TR_page-0001-768x1086.jpg 768w, https:\/\/www.atosforming.com\/wp-content\/uploads\/2025\/09\/ATOS-FORMING-14-TR_page-0001-212x300.jpg 212w, https:\/\/www.atosforming.com\/wp-content\/uploads\/2025\/09\/ATOS-FORMING-14-TR_page-0001-724x1024.jpg 724w, https:\/\/www.atosforming.com\/wp-content\/uploads\/2025\/09\/ATOS-FORMING-14-TR_page-0001-1086x1536.jpg 1086w, https:\/\/www.atosforming.com\/wp-content\/uploads\/2025\/09\/ATOS-FORMING-14-TR_page-0001.jpg 1240w\" sizes=\"(max-width: 640px) 100vw, 640px\" \/><\/a>\n\t\t\t<\/div>\n\t\t\t\t<figcaption class='wp-caption-text gallery-caption' id='gallery-1-5801'>\n\t\t\t\tATOS Forming ISO 14001\n\t\t\t\t<\/figcaption><\/figure><figure class='gallery-item'>\n\t\t\t<div class='gallery-icon portrait'>\n\t\t\t\t<a data-elementor-open-lightbox=\"yes\" data-elementor-lightbox-slideshow=\"a662be0\" data-elementor-lightbox-title=\"ATOS Forming ISO 45001\" data-elementor-lightbox-description=\"Kalite\" data-e-action-hash=\"#elementor-action%3Aaction%3Dlightbox%26settings%3DeyJpZCI6NTgwMywidXJsIjoiaHR0cHM6XC9cL3d3dy5hdG9zZm9ybWluZy5jb21cL3dwLWNvbnRlbnRcL3VwbG9hZHNcLzIwMjVcLzA5XC9BVE9TLUZPUk1JTkctNDUtVFJfcGFnZS0wMDAxLmpwZyIsInNsaWRlc2hvdyI6ImE2NjJiZTAifQ%3D%3D\" href='https:\/\/www.atosforming.com\/wp-content\/uploads\/2025\/09\/ATOS-FORMING-45-TR_page-0001.jpg'><img loading=\"lazy\" decoding=\"async\" width=\"640\" height=\"905\" src=\"https:\/\/www.atosforming.com\/wp-content\/uploads\/2025\/09\/ATOS-FORMING-45-TR_page-0001-768x1086.jpg\" class=\"attachment-medium_large size-medium_large\" alt=\"\" aria-describedby=\"gallery-1-5803\" srcset=\"https:\/\/www.atosforming.com\/wp-content\/uploads\/2025\/09\/ATOS-FORMING-45-TR_page-0001-768x1086.jpg 768w, https:\/\/www.atosforming.com\/wp-content\/uploads\/2025\/09\/ATOS-FORMING-45-TR_page-0001-212x300.jpg 212w, https:\/\/www.atosforming.com\/wp-content\/uploads\/2025\/09\/ATOS-FORMING-45-TR_page-0001-724x1024.jpg 724w, https:\/\/www.atosforming.com\/wp-content\/uploads\/2025\/09\/ATOS-FORMING-45-TR_page-0001-1086x1536.jpg 1086w, https:\/\/www.atosforming.com\/wp-content\/uploads\/2025\/09\/ATOS-FORMING-45-TR_page-0001.jpg 1240w\" sizes=\"(max-width: 640px) 100vw, 640px\" \/><\/a>\n\t\t\t<\/div>\n\t\t\t\t<figcaption class='wp-caption-text gallery-caption' id='gallery-1-5803'>\n\t\t\t\tATOS Forming ISO 45001\n\t\t\t\t<\/figcaption><\/figure><figure class='gallery-item'>\n\t\t\t<div class='gallery-icon portrait'>\n\t\t\t\t<a data-elementor-open-lightbox=\"yes\" data-elementor-lightbox-slideshow=\"a662be0\" data-elementor-lightbox-title=\"ATOS Forming AT Uygunluk\" data-elementor-lightbox-description=\"Kalite\" data-e-action-hash=\"#elementor-action%3Aaction%3Dlightbox%26settings%3DeyJpZCI6NTgwNCwidXJsIjoiaHR0cHM6XC9cL3d3dy5hdG9zZm9ybWluZy5jb21cL3dwLWNvbnRlbnRcL3VwbG9hZHNcLzIwMjVcLzA5XC9BVC1VeWd1bmx1a19wYWdlLTAwMDEuanBnIiwic2xpZGVzaG93IjoiYTY2MmJlMCJ9\" href='https:\/\/www.atosforming.com\/wp-content\/uploads\/2025\/09\/AT-Uygunluk_page-0001.jpg'><img loading=\"lazy\" decoding=\"async\" width=\"640\" height=\"828\" src=\"https:\/\/www.atosforming.com\/wp-content\/uploads\/2025\/09\/AT-Uygunluk_page-0001-768x994.jpg\" class=\"attachment-medium_large size-medium_large\" alt=\"\" aria-describedby=\"gallery-1-5804\" srcset=\"https:\/\/www.atosforming.com\/wp-content\/uploads\/2025\/09\/AT-Uygunluk_page-0001-768x994.jpg 768w, https:\/\/www.atosforming.com\/wp-content\/uploads\/2025\/09\/AT-Uygunluk_page-0001-232x300.jpg 232w, https:\/\/www.atosforming.com\/wp-content\/uploads\/2025\/09\/AT-Uygunluk_page-0001-791x1024.jpg 791w, https:\/\/www.atosforming.com\/wp-content\/uploads\/2025\/09\/AT-Uygunluk_page-0001-1187x1536.jpg 1187w, https:\/\/www.atosforming.com\/wp-content\/uploads\/2025\/09\/AT-Uygunluk_page-0001.jpg 1275w\" sizes=\"(max-width: 640px) 100vw, 640px\" \/><\/a>\n\t\t\t<\/div>\n\t\t\t\t<figcaption class='wp-caption-text gallery-caption' id='gallery-1-5804'>\n\t\t\t\tATOS Forming EC Declarat\u0131on of Conformity\n\t\t\t\t<\/figcaption><\/figure><figure class='gallery-item'>\n\t\t\t<div class='gallery-icon portrait'>\n\t\t\t\t<a data-elementor-open-lightbox=\"yes\" data-elementor-lightbox-slideshow=\"a662be0\" data-elementor-lightbox-title=\"ATOS Forming Tuv Avusturya\" data-elementor-lightbox-description=\"Kalite\" data-e-action-hash=\"#elementor-action%3Aaction%3Dlightbox%26settings%3DeyJpZCI6NTgwNSwidXJsIjoiaHR0cHM6XC9cL3d3dy5hdG9zZm9ybWluZy5jb21cL3dwLWNvbnRlbnRcL3VwbG9hZHNcLzIwMjVcLzA5XC9UdXZBdXN0cmlhX1N0dWRfcGFnZS0wMDAxLmpwZyIsInNsaWRlc2hvdyI6ImE2NjJiZTAifQ%3D%3D\" href='https:\/\/www.atosforming.com\/wp-content\/uploads\/2025\/09\/TuvAustria_Stud_page-0001.jpg'><img loading=\"lazy\" decoding=\"async\" width=\"640\" height=\"905\" src=\"https:\/\/www.atosforming.com\/wp-content\/uploads\/2025\/09\/TuvAustria_Stud_page-0001-768x1086.jpg\" class=\"attachment-medium_large size-medium_large\" alt=\"\" aria-describedby=\"gallery-1-5805\" srcset=\"https:\/\/www.atosforming.com\/wp-content\/uploads\/2025\/09\/TuvAustria_Stud_page-0001-768x1086.jpg 768w, https:\/\/www.atosforming.com\/wp-content\/uploads\/2025\/09\/TuvAustria_Stud_page-0001-212x300.jpg 212w, https:\/\/www.atosforming.com\/wp-content\/uploads\/2025\/09\/TuvAustria_Stud_page-0001-724x1024.jpg 724w, https:\/\/www.atosforming.com\/wp-content\/uploads\/2025\/09\/TuvAustria_Stud_page-0001-1086x1536.jpg 1086w, https:\/\/www.atosforming.com\/wp-content\/uploads\/2025\/09\/TuvAustria_Stud_page-0001.jpg 1241w\" sizes=\"(max-width: 640px) 100vw, 640px\" \/><\/a>\n\t\t\t<\/div>\n\t\t\t\t<figcaption class='wp-caption-text gallery-caption' id='gallery-1-5805'>\n\t\t\t\tATOS Forming <a href=\"https:\/\/tuvaustria.org\/\" target=\"_blank\" rel=\"noopener\">T\u00dcV Avusturya<\/a>\n\t\t\t\t<\/figcaption><\/figure>\n\t\t<\/div>\n\t\t<\/div>\n\t\t\t\t\t\t<\/div>\n\t\t\t\t\t<\/div>\n\t\t\t\t<\/div>\n\t\t\t\t<section class=\"elementor-section elementor-top-section elementor-element elementor-element-423a335 elementor-section-content-middle elementor-section-stretched elementor-section-boxed elementor-section-height-default elementor-section-height-default\" data-id=\"423a335\" data-element_type=\"section\" data-settings=\"{&quot;background_background&quot;:&quot;classic&quot;,&quot;stretch_section&quot;:&quot;section-stretched&quot;}\">\n\t\t\t\t\t\t<div class=\"elementor-container elementor-column-gap-default\">\n\t\t\t\t\t<div class=\"elementor-column elementor-col-100 elementor-top-column elementor-element elementor-element-2dbf6e5\" data-id=\"2dbf6e5\" data-element_type=\"column\">\n\t\t\t<div class=\"elementor-widget-wrap elementor-element-populated\">\n\t\t\t\t\t\t<section class=\"elementor-section elementor-inner-section elementor-element elementor-element-830fbdd elementor-section-boxed elementor-section-height-default elementor-section-height-default\" data-id=\"830fbdd\" data-element_type=\"section\">\n\t\t\t\t\t\t<div class=\"elementor-container elementor-column-gap-extended\">\n\t\t\t\t\t<div class=\"elementor-column elementor-col-33 elementor-inner-column elementor-element elementor-element-b2fc3a3\" data-id=\"b2fc3a3\" data-element_type=\"column\">\n\t\t\t<div class=\"elementor-widget-wrap elementor-element-populated\">\n\t\t\t\t\t\t<div class=\"elementor-element elementor-element-7b263c9 elementor-widget elementor-widget-rt-service-grid\" data-id=\"7b263c9\" data-element_type=\"widget\" data-widget_type=\"rt-service-grid.default\">\n\t\t\t\t<div class=\"elementor-widget-container\">\n\t\t\t\t\t<div class=\"react-addon-services services-style2\">\r\n    <div class=\"services-part\">\r\n    \t\t\t    \t\t       \r\n\t    <div class=\"services-text style5\">\r\n\t    \t\t    \t\t<div class=\"services-icon\">\r\n\t\t    \t\t\t\t    \t\t\t\t    \t\t\t<img decoding=\"async\" src=\"http:\/\/www.atosforming.com\/wp-content\/uploads\/2025\/09\/s-icon4-4.png\" alt=\"image\"\/>\r\n\t\t    \t\t\t    \t\t<\/div>\t\r\n\t    \t\t    \t\t\t    \t<div class=\"services-title\">\t\t    \t\t\r\n\t\t    \t\t\r\n\t\t    \t\t\t\t    \t\t\t<h2 class=\"title\">\t Trust Is Always Our Top Priority<\/h2>\r\n\t\t    \t\t\t\t\t\t    \t\t\r\n\t\t    \t<\/div>\r\n\t    \t\t\r\n\r\n\t    \t\t    \t\t<p class=\"services-txt\">  We prioritize quality at every stage of our production process. We add value to the industry with durable and reliable solutions.<\/p>\t\r\n\t    \t\t\r\n\r\n\t    \t\r\n\r\n\t    <\/div>\r\n    \t\r\n\t    \t<div class=\"services-btn-part\">\r\n\t    \t\t\t    \t\t\r\n    \t\t\t<a class=\"services-btn icon-after\" href=\"https:\/\/www.atosforming.com\/en\/iletisim\/\">\r\n\r\n    \t\t\t\t<span class=\"btn_text\">\r\n    \t\t\t\t\tContact Us    \t\t\t\t\t\t\r\n    \t\t\t\t<\/span>\r\n    \t\t\t\t<i class=\"fal fa-long-arrow-right\"><\/i>\r\n\r\n    \t\t\t<\/a>\t    \t\t    \t\t\r\n\t    \t\t\r\n\t    \t<\/div>\r\n    \t\t<\/div>\r\n<\/div>\t\t\t\t<\/div>\n\t\t\t\t<\/div>\n\t\t\t\t\t<\/div>\n\t\t<\/div>\n\t\t\t\t<div class=\"elementor-column elementor-col-33 elementor-inner-column elementor-element elementor-element-45d92f1\" data-id=\"45d92f1\" data-element_type=\"column\">\n\t\t\t<div class=\"elementor-widget-wrap elementor-element-populated\">\n\t\t\t\t\t\t<div class=\"elementor-element elementor-element-a6a0ff3 elementor-widget elementor-widget-rt-service-grid\" data-id=\"a6a0ff3\" data-element_type=\"widget\" data-widget_type=\"rt-service-grid.default\">\n\t\t\t\t<div class=\"elementor-widget-container\">\n\t\t\t\t\t<div class=\"react-addon-services services-style2\">\r\n    <div class=\"services-part\">\r\n    \t\t\t    \t\t       \r\n\t    <div class=\"services-text style5\">\r\n\t    \t\t    \t\t<div class=\"services-icon\">\r\n\t\t    \t\t\t\t    \t\t\t\t    \t\t\t<img decoding=\"async\" src=\"http:\/\/www.atosforming.com\/wp-content\/uploads\/2025\/09\/s-icon5-1.png\" alt=\"image\"\/>\r\n\t\t    \t\t\t    \t\t<\/div>\t\r\n\t    \t\t    \t\t\t    \t<div class=\"services-title\">\t\t    \t\t\r\n\t\t    \t\t\r\n\t\t    \t\t\t\t    \t\t\t<h2 class=\"title\">\t Trust-Based Production<\/h2>\r\n\t\t    \t\t\t\t\t\t    \t\t\r\n\t\t    \t<\/div>\r\n\t    \t\t\r\n\r\n\t    \t\t    \t\t<p class=\"services-txt\">  We build sustainable relationships with our business partners. We approach every project with transparency and accountability.<\/p>\t\r\n\t    \t\t\r\n\r\n\t    \t\r\n\r\n\t    <\/div>\r\n    \t\r\n\t    \t<div class=\"services-btn-part\">\r\n\t    \t\t\t    \t\t\r\n    \t\t\t<a class=\"services-btn icon-after\" href=\"https:\/\/www.atosforming.com\/en\/iletisim\/\">\r\n\r\n    \t\t\t\t<span class=\"btn_text\">\r\n    \t\t\t\t\tContact Us    \t\t\t\t\t\t\r\n    \t\t\t\t<\/span>\r\n    \t\t\t\t<i class=\"fal fa-long-arrow-right\"><\/i>\r\n\r\n    \t\t\t<\/a>\t    \t\t    \t\t\r\n\t    \t\t\r\n\t    \t<\/div>\r\n    \t\t<\/div>\r\n<\/div>\t\t\t\t<\/div>\n\t\t\t\t<\/div>\n\t\t\t\t\t<\/div>\n\t\t<\/div>\n\t\t\t\t<div class=\"elementor-column elementor-col-33 elementor-inner-column elementor-element elementor-element-3c362fb\" data-id=\"3c362fb\" data-element_type=\"column\">\n\t\t\t<div class=\"elementor-widget-wrap elementor-element-populated\">\n\t\t\t\t\t\t<div class=\"elementor-element elementor-element-2062577 elementor-widget elementor-widget-rt-service-grid\" data-id=\"2062577\" data-element_type=\"widget\" data-widget_type=\"rt-service-grid.default\">\n\t\t\t\t<div class=\"elementor-widget-container\">\n\t\t\t\t\t<div class=\"react-addon-services services-style2\">\r\n    <div class=\"services-part\">\r\n    \t\t\t    \t\t       \r\n\t    <div class=\"services-text style5\">\r\n\t    \t\t    \t\t<div class=\"services-icon\">\r\n\t\t    \t\t\t\t    \t\t\t\t    \t\t\t<img decoding=\"async\" src=\"http:\/\/www.atosforming.com\/wp-content\/uploads\/2025\/09\/s-icon6-1.png\" alt=\"image\"\/>\r\n\t\t    \t\t\t    \t\t<\/div>\t\r\n\t    \t\t    \t\t\t    \t<div class=\"services-title\">\t\t    \t\t\r\n\t\t    \t\t\r\n\t\t    \t\t\t\t    \t\t\t<h2 class=\"title\">\t Industrial Standards<\/h2>\r\n\t\t    \t\t\t\t\t\t    \t\t\r\n\t\t    \t<\/div>\r\n\t    \t\t\r\n\r\n\t    \t\t    \t\t<p class=\"services-txt\">  Our production processes are designed to comply with international standards. Every product undergoes thorough inspections and testing.<\/p>\t\r\n\t    \t\t\r\n\r\n\t    \t\r\n\r\n\t    <\/div>\r\n    \t\r\n\t    \t<div class=\"services-btn-part\">\r\n\t    \t\t\t    \t\t\r\n    \t\t\t<a class=\"services-btn icon-after\" href=\"https:\/\/www.atosforming.com\/en\/iletisim\/\">\r\n\r\n    \t\t\t\t<span class=\"btn_text\">\r\n    \t\t\t\t\tContact Us    \t\t\t\t\t\t\r\n    \t\t\t\t<\/span>\r\n    \t\t\t\t<i class=\"fal fa-long-arrow-right\"><\/i>\r\n\r\n    \t\t\t<\/a>\t    \t\t    \t\t\r\n\t    \t\t\r\n\t    \t<\/div>\r\n    \t\t<\/div>\r\n<\/div>\t\t\t\t<\/div>\n\t\t\t\t<\/div>\n\t\t\t\t\t<\/div>\n\t\t<\/div>\n\t\t\t\t\t<\/div>\n\t\t<\/section>\n\t\t\t\t\t<\/div>\n\t\t<\/div>\n\t\t\t\t\t<\/div>\n\t\t<\/section>\n\t\t\t\t<section class=\"elementor-section elementor-top-section elementor-element elementor-element-459f2e1 elementor-section-content-middle elementor-section-boxed elementor-section-height-default elementor-section-height-default\" data-id=\"459f2e1\" data-element_type=\"section\" data-settings=\"{&quot;background_background&quot;:&quot;classic&quot;}\">\n\t\t\t\t\t\t<div class=\"elementor-container elementor-column-gap-default\">\n\t\t\t\t\t<div class=\"elementor-column elementor-col-100 elementor-top-column elementor-element elementor-element-c9c193c\" data-id=\"c9c193c\" data-element_type=\"column\">\n\t\t\t<div class=\"elementor-widget-wrap elementor-element-populated\">\n\t\t\t\t\t\t<section class=\"elementor-section elementor-inner-section elementor-element elementor-element-b9918c6 elementor-section-boxed elementor-section-height-default elementor-section-height-default\" data-id=\"b9918c6\" data-element_type=\"section\">\n\t\t\t\t\t\t<div class=\"elementor-container elementor-column-gap-extended\">\n\t\t\t\t\t<div class=\"elementor-column elementor-col-33 elementor-inner-column elementor-element elementor-element-eea2a13\" data-id=\"eea2a13\" data-element_type=\"column\">\n\t\t\t<div class=\"elementor-widget-wrap elementor-element-populated\">\n\t\t\t\t\t\t<div class=\"elementor-element elementor-element-29169ef elementor-widget elementor-widget-rt-service-grid\" data-id=\"29169ef\" data-element_type=\"widget\" data-widget_type=\"rt-service-grid.default\">\n\t\t\t\t<div class=\"elementor-widget-container\">\n\t\t\t\t\t<div class=\"react-addon-services services-style6\">\r\n    <div class=\"services-part\">\r\n    \t\t\t    \t\t       \r\n\t    <div class=\"services-text\">\r\n\t    \t\t    \t\t<h2 class=\"shadow-text\">01<\/h2>\r\n\t    \t\t    \t\t    \t\t<div class=\"services-icon\">\r\n\t\t    \t\t\t\t    \t\t\t\t    \t\t\t<img decoding=\"async\" src=\"https:\/\/reactheme.com\/products\/wordpress\/finanix\/wp-content\/uploads\/2022\/03\/s-icon7.png\" alt=\"image\"\/>\r\n\t\t    \t\t\t    \t\t<\/div>\t\r\n\t    \t\t    \t\t\t    \t<div class=\"services-title\">\t\t    \t\t\r\n\t\t    \t\t\r\n\t\t    \t\t\t\t    \t\t\t<h2 class=\"title\">\t Commitment to deadlines<\/h2>\r\n\t\t    \t\t\t\t\t\t    \t\t\r\n\t\t    \t<\/div>\r\n\t    \t\t\r\n\r\n\t    \t\t    \t\t<p class=\"services-txt\">  Our production planning ensures full alignment with your project schedules.<\/p>\t\r\n\t    \t\t\r\n\r\n\t    \t\r\n\t    \t<div class=\"services-btn-part\">\r\n\t    \t\t\t    \t\t\r\n    \t\t\t<a class=\"services-btn icon-after\" href=\"https:\/\/www.atosforming.com\/en\/iletisim\/\">\r\n\r\n    \t\t\t\t<span class=\"btn_text\">\r\n    \t\t\t\t\tContact Us    \t\t\t\t\t\t\r\n    \t\t\t\t<\/span>\r\n\t\t\t\t\t<i class=\"fal fa-long-arrow-right\"><\/i>\r\n    \t\t\t\t\r\n\r\n    \t\t\t<\/a>\t    \t\t    \t\t\r\n\t    \t\t\r\n\t    \t<\/div>\r\n    \t\r\n\t    <\/div>\r\n    \t\r\n\t<\/div>\r\n<\/div>\t\t\t\t<\/div>\n\t\t\t\t<\/div>\n\t\t\t\t\t<\/div>\n\t\t<\/div>\n\t\t\t\t<div class=\"elementor-column elementor-col-33 elementor-inner-column elementor-element elementor-element-5312552\" data-id=\"5312552\" data-element_type=\"column\">\n\t\t\t<div class=\"elementor-widget-wrap elementor-element-populated\">\n\t\t\t\t\t\t<div class=\"elementor-element elementor-element-a61fddb elementor-widget elementor-widget-rt-service-grid\" data-id=\"a61fddb\" data-element_type=\"widget\" data-widget_type=\"rt-service-grid.default\">\n\t\t\t\t<div class=\"elementor-widget-container\">\n\t\t\t\t\t<div class=\"react-addon-services services-style6\">\r\n    <div class=\"services-part\">\r\n    \t\t\t    \t\t       \r\n\t    <div class=\"services-text\">\r\n\t    \t\t    \t\t<h2 class=\"shadow-text\">02<\/h2>\r\n\t    \t\t    \t\t    \t\t<div class=\"services-icon\">\r\n\t\t    \t\t\t\t    \t\t\t\t    \t\t\t<img decoding=\"async\" src=\"https:\/\/reactheme.com\/products\/wordpress\/finanix\/wp-content\/uploads\/2022\/03\/s-icon8.png\" alt=\"image\"\/>\r\n\t\t    \t\t\t    \t\t<\/div>\t\r\n\t    \t\t    \t\t\t    \t<div class=\"services-title\">\t\t    \t\t\r\n\t\t    \t\t\r\n\t\t    \t\t\t\t    \t\t\t<h2 class=\"title\">\t Uninterrupted Customer Support<\/h2>\r\n\t\t    \t\t\t\t\t\t    \t\t\r\n\t\t    \t<\/div>\r\n\t    \t\t\r\n\r\n\t    \t\t    \t\t<p class=\"services-txt\">  Our team of experts is ready to support you every step of the way.<\/p>\t\r\n\t    \t\t\r\n\r\n\t    \t\r\n\t    \t<div class=\"services-btn-part\">\r\n\t    \t\t\t    \t\t\r\n    \t\t\t<a class=\"services-btn icon-after\" href=\"https:\/\/www.atosforming.com\/en\/iletisim\/\">\r\n\r\n    \t\t\t\t<span class=\"btn_text\">\r\n    \t\t\t\t\tContact Us    \t\t\t\t\t\t\r\n    \t\t\t\t<\/span>\r\n\t\t\t\t\t<i class=\"fal fa-long-arrow-right\"><\/i>\r\n    \t\t\t\t\r\n\r\n    \t\t\t<\/a>\t    \t\t    \t\t\r\n\t    \t\t\r\n\t    \t<\/div>\r\n    \t\r\n\t    <\/div>\r\n    \t\r\n\t<\/div>\r\n<\/div>\t\t\t\t<\/div>\n\t\t\t\t<\/div>\n\t\t\t\t\t<\/div>\n\t\t<\/div>\n\t\t\t\t<div class=\"elementor-column elementor-col-33 elementor-inner-column elementor-element elementor-element-d09ae44\" data-id=\"d09ae44\" data-element_type=\"column\">\n\t\t\t<div class=\"elementor-widget-wrap elementor-element-populated\">\n\t\t\t\t\t\t<div class=\"elementor-element elementor-element-404a026 elementor-widget elementor-widget-rt-service-grid\" data-id=\"404a026\" data-element_type=\"widget\" data-widget_type=\"rt-service-grid.default\">\n\t\t\t\t<div class=\"elementor-widget-container\">\n\t\t\t\t\t<div class=\"react-addon-services services-style6\">\r\n    <div class=\"services-part\">\r\n    \t\t\t    \t\t       \r\n\t    <div class=\"services-text\">\r\n\t    \t\t    \t\t<h2 class=\"shadow-text\">03<\/h2>\r\n\t    \t\t    \t\t    \t\t<div class=\"services-icon\">\r\n\t\t    \t\t\t\t    \t\t\t\t    \t\t\t<img decoding=\"async\" src=\"https:\/\/reactheme.com\/products\/wordpress\/finanix\/wp-content\/uploads\/2022\/03\/s-icon9.png\" alt=\"image\"\/>\r\n\t\t    \t\t\t    \t\t<\/div>\t\r\n\t    \t\t    \t\t\t    \t<div class=\"services-title\">\t\t    \t\t\r\n\t\t    \t\t\r\n\t\t    \t\t\t\t    \t\t\t<h2 class=\"title\">\t Professional Production Discipline<\/h2>\r\n\t\t    \t\t\t\t\t\t    \t\t\r\n\t\t    \t<\/div>\r\n\t    \t\t\r\n\r\n\t    \t\t    \t\t<p class=\"services-txt\">  We adhere to engineering standards at every stage.<\/p>\t\r\n\t    \t\t\r\n\r\n\t    \t\r\n\t    \t<div class=\"services-btn-part\">\r\n\t    \t\t\t    \t\t\r\n    \t\t\t<a class=\"services-btn icon-after\" href=\"https:\/\/www.atosforming.com\/en\/iletisim\/\">\r\n\r\n    \t\t\t\t<span class=\"btn_text\">\r\n    \t\t\t\t\tContact Us    \t\t\t\t\t\t\r\n    \t\t\t\t<\/span>\r\n\t\t\t\t\t<i class=\"fal fa-long-arrow-right\"><\/i>\r\n    \t\t\t\t\r\n\r\n    \t\t\t<\/a>\t    \t\t    \t\t\r\n\t    \t\t\r\n\t    \t<\/div>\r\n    \t\r\n\t    <\/div>\r\n    \t\r\n\t<\/div>\r\n<\/div>\t\t\t\t<\/div>\n\t\t\t\t<\/div>\n\t\t\t\t\t<\/div>\n\t\t<\/div>\n\t\t\t\t\t<\/div>\n\t\t<\/section>\n\t\t\t\t\t<\/div>\n\t\t<\/div>\n\t\t\t\t\t<\/div>\n\t\t<\/section>\n\t\t\t\t<\/div>","protected":false},"excerpt":{"rendered":"<p>Kalite Sertifikalar\u0131m\u0131z ATOS Forming ISO 9001 ATOS Forming ISO 10002 ATOS Forming ISO 14001 ATOS Forming ISO 45001 ATOS Forming AT Uygunluk ATOS Forming T\u00dcV Avusturya G\u00fcven Daima \u00d6nceli\u011fimiz \u00dcretimimizin her a\u015famas\u0131nda kaliteyi merkeze al\u0131yoruz. Uzun \u00f6m\u00fcrl\u00fc ve g\u00fcvenilir \u00e7\u00f6z\u00fcmlerle sekt\u00f6re de\u011fer kat\u0131yoruz. \u0130leti\u015fime Ge\u00e7 G\u00fcvene Dayal\u0131 \u00dcretim \u0130\u015f ortaklar\u0131m\u0131zla s\u00fcrd\u00fcr\u00fclebilir ili\u015fkiler kuruyoruz. Her projede&#8230;<\/p>","protected":false},"author":1,"featured_media":0,"parent":0,"menu_order":0,"comment_status":"closed","ping_status":"closed","template":"","meta":{"footnotes":""},"class_list":["post-5381","page","type-page","status-publish","hentry"],"_links":{"self":[{"href":"https:\/\/www.atosforming.com\/en\/wp-json\/wp\/v2\/pages\/5381","targetHints":{"allow":["GET"]}}],"collection":[{"href":"https:\/\/www.atosforming.com\/en\/wp-json\/wp\/v2\/pages"}],"about":[{"href":"https:\/\/www.atosforming.com\/en\/wp-json\/wp\/v2\/types\/page"}],"author":[{"embeddable":true,"href":"https:\/\/www.atosforming.com\/en\/wp-json\/wp\/v2\/users\/1"}],"replies":[{"embeddable":true,"href":"https:\/\/www.atosforming.com\/en\/wp-json\/wp\/v2\/comments?post=5381"}],"version-history":[{"count":35,"href":"https:\/\/www.atosforming.com\/en\/wp-json\/wp\/v2\/pages\/5381\/revisions"}],"predecessor-version":[{"id":6009,"href":"https:\/\/www.atosforming.com\/en\/wp-json\/wp\/v2\/pages\/5381\/revisions\/6009"}],"wp:attachment":[{"href":"https:\/\/www.atosforming.com\/en\/wp-json\/wp\/v2\/media?parent=5381"}],"curies":[{"name":"wp","href":"https:\/\/api.w.org\/{rel}","templated":true}]}}